{"id":107,"date":"2024-11-12T07:53:37","date_gmt":"2024-11-12T07:53:37","guid":{"rendered":"https:\/\/duc.zagaresgimnazija.lt\/?page_id=107"},"modified":"2026-01-16T09:31:07","modified_gmt":"2026-01-16T09:31:07","slug":"pradzia-2","status":"publish","type":"page","link":"https:\/\/duc.zagaresgimnazija.lt\/?page_id=107","title":{"rendered":"Prad\u017eia"},"content":{"rendered":"<p>&nbsp;<\/p>\n<p><img loading=\"lazy\" decoding=\"async\" class=\"alignnone wp-image-98\" src=\"https:\/\/duc.zagaresgimnazija.lt\/wp-content\/uploads\/2024\/11\/444dec8d-3e88-4715-b59f-5ebf076f07ba-1-300x165.jpg\" alt=\"\" width=\"975\" height=\"536\" srcset=\"https:\/\/duc.zagaresgimnazija.lt\/wp-content\/uploads\/2024\/11\/444dec8d-3e88-4715-b59f-5ebf076f07ba-1-300x165.jpg 300w, https:\/\/duc.zagaresgimnazija.lt\/wp-content\/uploads\/2024\/11\/444dec8d-3e88-4715-b59f-5ebf076f07ba-1-1024x564.jpg 1024w, https:\/\/duc.zagaresgimnazija.lt\/wp-content\/uploads\/2024\/11\/444dec8d-3e88-4715-b59f-5ebf076f07ba-1-768x423.jpg 768w, https:\/\/duc.zagaresgimnazija.lt\/wp-content\/uploads\/2024\/11\/444dec8d-3e88-4715-b59f-5ebf076f07ba-1-1536x846.jpg 1536w, https:\/\/duc.zagaresgimnazija.lt\/wp-content\/uploads\/2024\/11\/444dec8d-3e88-4715-b59f-5ebf076f07ba-1-360x198.jpg 360w, https:\/\/duc.zagaresgimnazija.lt\/wp-content\/uploads\/2024\/11\/444dec8d-3e88-4715-b59f-5ebf076f07ba-1.jpg 2048w\" sizes=\"auto, (max-width: 975px) 100vw, 975px\" \/><\/p>\n<p>&nbsp;<\/p>\n<p style=\"text-align: center;\"><em><span style=\"font-family: 'trebuchet ms', geneva, sans-serif; font-size: 14pt; color: #3366ff;\">PASLAUG\u0172 GAV\u0116J\u0172 \u012eGALINIMO PRIEMON\u0116S<\/span><\/em><\/p>\n<p><span style=\"text-decoration: underline;\"><em><span style=\"font-family: 'trebuchet ms', geneva, sans-serif; font-size: 14pt; color: #3366ff; text-decoration: underline;\">Dienos u\u017eimtumo centro taryba:<\/span><\/em><\/span><\/p>\n<p><img loading=\"lazy\" decoding=\"async\" class=\"alignnone size-medium wp-image-2047\" src=\"https:\/\/duc.zagaresgimnazija.lt\/wp-content\/uploads\/2025\/12\/9411488b-834b-4fc0-a9ea-7d4d69fada3d-1-300x225.jpg\" alt=\"\" width=\"300\" height=\"225\" srcset=\"https:\/\/duc.zagaresgimnazija.lt\/wp-content\/uploads\/2025\/12\/9411488b-834b-4fc0-a9ea-7d4d69fada3d-1-300x225.jpg 300w, https:\/\/duc.zagaresgimnazija.lt\/wp-content\/uploads\/2025\/12\/9411488b-834b-4fc0-a9ea-7d4d69fada3d-1-1024x768.jpg 1024w, https:\/\/duc.zagaresgimnazija.lt\/wp-content\/uploads\/2025\/12\/9411488b-834b-4fc0-a9ea-7d4d69fada3d-1-768x576.jpg 768w, https:\/\/duc.zagaresgimnazija.lt\/wp-content\/uploads\/2025\/12\/9411488b-834b-4fc0-a9ea-7d4d69fada3d-1-1536x1152.jpg 1536w, https:\/\/duc.zagaresgimnazija.lt\/wp-content\/uploads\/2025\/12\/9411488b-834b-4fc0-a9ea-7d4d69fada3d-1-360x270.jpg 360w, https:\/\/duc.zagaresgimnazija.lt\/wp-content\/uploads\/2025\/12\/9411488b-834b-4fc0-a9ea-7d4d69fada3d-1.jpg 2048w\" sizes=\"auto, (max-width: 300px) 100vw, 300px\" \/> <img loading=\"lazy\" decoding=\"async\" class=\"alignnone size-medium wp-image-2048\" src=\"https:\/\/duc.zagaresgimnazija.lt\/wp-content\/uploads\/2025\/12\/b9547308-cd02-42bb-800a-c53eaa68bc24-1-300x225.jpg\" alt=\"\" width=\"300\" height=\"225\" srcset=\"https:\/\/duc.zagaresgimnazija.lt\/wp-content\/uploads\/2025\/12\/b9547308-cd02-42bb-800a-c53eaa68bc24-1-300x225.jpg 300w, https:\/\/duc.zagaresgimnazija.lt\/wp-content\/uploads\/2025\/12\/b9547308-cd02-42bb-800a-c53eaa68bc24-1-1024x768.jpg 1024w, https:\/\/duc.zagaresgimnazija.lt\/wp-content\/uploads\/2025\/12\/b9547308-cd02-42bb-800a-c53eaa68bc24-1-768x576.jpg 768w, https:\/\/duc.zagaresgimnazija.lt\/wp-content\/uploads\/2025\/12\/b9547308-cd02-42bb-800a-c53eaa68bc24-1-1536x1152.jpg 1536w, https:\/\/duc.zagaresgimnazija.lt\/wp-content\/uploads\/2025\/12\/b9547308-cd02-42bb-800a-c53eaa68bc24-1-360x270.jpg 360w, https:\/\/duc.zagaresgimnazija.lt\/wp-content\/uploads\/2025\/12\/b9547308-cd02-42bb-800a-c53eaa68bc24-1.jpg 2048w\" sizes=\"auto, (max-width: 300px) 100vw, 300px\" \/><\/p>\n<p>&nbsp;<\/p>\n<p><span style=\"text-decoration: underline;\"><em><span style=\"font-family: 'trebuchet ms', geneva, sans-serif; font-size: 14pt; color: #3366ff; text-decoration: underline;\">Paslaug\u0173 gav\u0117j\u0173 taryba:<\/span><\/em><\/span><\/p>\n<p><img loading=\"lazy\" decoding=\"async\" class=\"alignnone wp-image-1872\" src=\"https:\/\/duc.zagaresgimnazija.lt\/wp-content\/uploads\/2025\/11\/ae340c45-6a16-4fb2-a428-cf8c7345062b-225x300.jpg\" alt=\"\" width=\"190\" height=\"253\" srcset=\"https:\/\/duc.zagaresgimnazija.lt\/wp-content\/uploads\/2025\/11\/ae340c45-6a16-4fb2-a428-cf8c7345062b-225x300.jpg 225w, https:\/\/duc.zagaresgimnazija.lt\/wp-content\/uploads\/2025\/11\/ae340c45-6a16-4fb2-a428-cf8c7345062b-768x1024.jpg 768w, https:\/\/duc.zagaresgimnazija.lt\/wp-content\/uploads\/2025\/11\/ae340c45-6a16-4fb2-a428-cf8c7345062b-1152x1536.jpg 1152w, https:\/\/duc.zagaresgimnazija.lt\/wp-content\/uploads\/2025\/11\/ae340c45-6a16-4fb2-a428-cf8c7345062b-203x270.jpg 203w, https:\/\/duc.zagaresgimnazija.lt\/wp-content\/uploads\/2025\/11\/ae340c45-6a16-4fb2-a428-cf8c7345062b.jpg 1536w\" sizes=\"auto, (max-width: 190px) 100vw, 190px\" \/> <img loading=\"lazy\" decoding=\"async\" class=\"alignnone wp-image-1873\" src=\"https:\/\/duc.zagaresgimnazija.lt\/wp-content\/uploads\/2025\/11\/9d99d5f8-6408-4ff3-916b-fc8b8308cb44-225x300.jpg\" alt=\"\" width=\"189\" height=\"252\" srcset=\"https:\/\/duc.zagaresgimnazija.lt\/wp-content\/uploads\/2025\/11\/9d99d5f8-6408-4ff3-916b-fc8b8308cb44-225x300.jpg 225w, https:\/\/duc.zagaresgimnazija.lt\/wp-content\/uploads\/2025\/11\/9d99d5f8-6408-4ff3-916b-fc8b8308cb44-768x1024.jpg 768w, https:\/\/duc.zagaresgimnazija.lt\/wp-content\/uploads\/2025\/11\/9d99d5f8-6408-4ff3-916b-fc8b8308cb44-1152x1536.jpg 1152w, https:\/\/duc.zagaresgimnazija.lt\/wp-content\/uploads\/2025\/11\/9d99d5f8-6408-4ff3-916b-fc8b8308cb44-203x270.jpg 203w, https:\/\/duc.zagaresgimnazija.lt\/wp-content\/uploads\/2025\/11\/9d99d5f8-6408-4ff3-916b-fc8b8308cb44.jpg 1536w\" sizes=\"auto, (max-width: 189px) 100vw, 189px\" \/> <img loading=\"lazy\" decoding=\"async\" class=\"alignnone wp-image-1874\" src=\"https:\/\/duc.zagaresgimnazija.lt\/wp-content\/uploads\/2025\/11\/8a413fad-9248-472a-ae93-9f6f1af3ee30-225x300.jpg\" alt=\"\" width=\"189\" height=\"252\" srcset=\"https:\/\/duc.zagaresgimnazija.lt\/wp-content\/uploads\/2025\/11\/8a413fad-9248-472a-ae93-9f6f1af3ee30-225x300.jpg 225w, https:\/\/duc.zagaresgimnazija.lt\/wp-content\/uploads\/2025\/11\/8a413fad-9248-472a-ae93-9f6f1af3ee30-768x1024.jpg 768w, https:\/\/duc.zagaresgimnazija.lt\/wp-content\/uploads\/2025\/11\/8a413fad-9248-472a-ae93-9f6f1af3ee30-1152x1536.jpg 1152w, https:\/\/duc.zagaresgimnazija.lt\/wp-content\/uploads\/2025\/11\/8a413fad-9248-472a-ae93-9f6f1af3ee30-203x270.jpg 203w, https:\/\/duc.zagaresgimnazija.lt\/wp-content\/uploads\/2025\/11\/8a413fad-9248-472a-ae93-9f6f1af3ee30.jpg 1536w\" sizes=\"auto, (max-width: 189px) 100vw, 189px\" \/> <img loading=\"lazy\" decoding=\"async\" class=\"alignnone wp-image-1875\" src=\"https:\/\/duc.zagaresgimnazija.lt\/wp-content\/uploads\/2025\/11\/7ffd88b9-ebd4-4c33-b4f7-cdf9ce29f528-225x300.jpg\" alt=\"\" width=\"188\" height=\"251\" srcset=\"https:\/\/duc.zagaresgimnazija.lt\/wp-content\/uploads\/2025\/11\/7ffd88b9-ebd4-4c33-b4f7-cdf9ce29f528-225x300.jpg 225w, https:\/\/duc.zagaresgimnazija.lt\/wp-content\/uploads\/2025\/11\/7ffd88b9-ebd4-4c33-b4f7-cdf9ce29f528-768x1024.jpg 768w, https:\/\/duc.zagaresgimnazija.lt\/wp-content\/uploads\/2025\/11\/7ffd88b9-ebd4-4c33-b4f7-cdf9ce29f528-1152x1536.jpg 1152w, https:\/\/duc.zagaresgimnazija.lt\/wp-content\/uploads\/2025\/11\/7ffd88b9-ebd4-4c33-b4f7-cdf9ce29f528-203x270.jpg 203w, https:\/\/duc.zagaresgimnazija.lt\/wp-content\/uploads\/2025\/11\/7ffd88b9-ebd4-4c33-b4f7-cdf9ce29f528.jpg 1536w\" sizes=\"auto, (max-width: 188px) 100vw, 188px\" \/><\/p>\n<p><span style=\"text-decoration: underline;\"><span style=\"color: #3366ff;\"><em><span style=\"font-family: 'trebuchet ms', geneva, sans-serif; font-size: 14pt;\">Seni\u016bno rinkimai:<\/span><\/em><\/span><\/span><\/p>\n<p><img loading=\"lazy\" decoding=\"async\" class=\"wp-image-1876 alignleft\" src=\"https:\/\/duc.zagaresgimnazija.lt\/wp-content\/uploads\/2025\/11\/584794496_856740170085688_8125237576755293730_n-300x225.jpg\" alt=\"\" width=\"255\" height=\"192\" srcset=\"https:\/\/duc.zagaresgimnazija.lt\/wp-content\/uploads\/2025\/11\/584794496_856740170085688_8125237576755293730_n-300x225.jpg 300w, https:\/\/duc.zagaresgimnazija.lt\/wp-content\/uploads\/2025\/11\/584794496_856740170085688_8125237576755293730_n-1024x768.jpg 1024w, https:\/\/duc.zagaresgimnazija.lt\/wp-content\/uploads\/2025\/11\/584794496_856740170085688_8125237576755293730_n-768x576.jpg 768w, https:\/\/duc.zagaresgimnazija.lt\/wp-content\/uploads\/2025\/11\/584794496_856740170085688_8125237576755293730_n-1536x1152.jpg 1536w, https:\/\/duc.zagaresgimnazija.lt\/wp-content\/uploads\/2025\/11\/584794496_856740170085688_8125237576755293730_n-360x270.jpg 360w, https:\/\/duc.zagaresgimnazija.lt\/wp-content\/uploads\/2025\/11\/584794496_856740170085688_8125237576755293730_n.jpg 2048w\" sizes=\"auto, (max-width: 255px) 100vw, 255px\" \/> <img loading=\"lazy\" decoding=\"async\" class=\"wp-image-1877 alignleft\" src=\"https:\/\/duc.zagaresgimnazija.lt\/wp-content\/uploads\/2025\/11\/585413436_856740266752345_641770866656891272_n-300x225.jpg\" alt=\"\" width=\"259\" height=\"194\" srcset=\"https:\/\/duc.zagaresgimnazija.lt\/wp-content\/uploads\/2025\/11\/585413436_856740266752345_641770866656891272_n-300x225.jpg 300w, https:\/\/duc.zagaresgimnazija.lt\/wp-content\/uploads\/2025\/11\/585413436_856740266752345_641770866656891272_n-1024x768.jpg 1024w, https:\/\/duc.zagaresgimnazija.lt\/wp-content\/uploads\/2025\/11\/585413436_856740266752345_641770866656891272_n-768x576.jpg 768w, https:\/\/duc.zagaresgimnazija.lt\/wp-content\/uploads\/2025\/11\/585413436_856740266752345_641770866656891272_n-1536x1152.jpg 1536w, https:\/\/duc.zagaresgimnazija.lt\/wp-content\/uploads\/2025\/11\/585413436_856740266752345_641770866656891272_n-360x270.jpg 360w, https:\/\/duc.zagaresgimnazija.lt\/wp-content\/uploads\/2025\/11\/585413436_856740266752345_641770866656891272_n.jpg 2048w\" sizes=\"auto, (max-width: 259px) 100vw, 259px\" \/><img loading=\"lazy\" decoding=\"async\" class=\"wp-image-1879 alignleft\" src=\"https:\/\/duc.zagaresgimnazija.lt\/wp-content\/uploads\/2025\/11\/d1505c4c-83ef-4d0c-9812-491ab34698bb-300x225.jpg\" alt=\"\" width=\"260\" height=\"195\" srcset=\"https:\/\/duc.zagaresgimnazija.lt\/wp-content\/uploads\/2025\/11\/d1505c4c-83ef-4d0c-9812-491ab34698bb-300x225.jpg 300w, https:\/\/duc.zagaresgimnazija.lt\/wp-content\/uploads\/2025\/11\/d1505c4c-83ef-4d0c-9812-491ab34698bb-1024x768.jpg 1024w, https:\/\/duc.zagaresgimnazija.lt\/wp-content\/uploads\/2025\/11\/d1505c4c-83ef-4d0c-9812-491ab34698bb-768x576.jpg 768w, https:\/\/duc.zagaresgimnazija.lt\/wp-content\/uploads\/2025\/11\/d1505c4c-83ef-4d0c-9812-491ab34698bb-1536x1152.jpg 1536w, https:\/\/duc.zagaresgimnazija.lt\/wp-content\/uploads\/2025\/11\/d1505c4c-83ef-4d0c-9812-491ab34698bb-2048x1536.jpg 2048w, https:\/\/duc.zagaresgimnazija.lt\/wp-content\/uploads\/2025\/11\/d1505c4c-83ef-4d0c-9812-491ab34698bb-360x270.jpg 360w\" sizes=\"auto, (max-width: 260px) 100vw, 260px\" \/><\/p>\n<p><img loading=\"lazy\" decoding=\"async\" class=\" wp-image-1878 aligncenter\" src=\"https:\/\/duc.zagaresgimnazija.lt\/wp-content\/uploads\/2025\/11\/586845516_856740220085683_8776035373729634603_n-225x300.jpg\" alt=\"\" width=\"402\" height=\"536\" srcset=\"https:\/\/duc.zagaresgimnazija.lt\/wp-content\/uploads\/2025\/11\/586845516_856740220085683_8776035373729634603_n-225x300.jpg 225w, https:\/\/duc.zagaresgimnazija.lt\/wp-content\/uploads\/2025\/11\/586845516_856740220085683_8776035373729634603_n-768x1024.jpg 768w, https:\/\/duc.zagaresgimnazija.lt\/wp-content\/uploads\/2025\/11\/586845516_856740220085683_8776035373729634603_n-1152x1536.jpg 1152w, https:\/\/duc.zagaresgimnazija.lt\/wp-content\/uploads\/2025\/11\/586845516_856740220085683_8776035373729634603_n-203x270.jpg 203w, https:\/\/duc.zagaresgimnazija.lt\/wp-content\/uploads\/2025\/11\/586845516_856740220085683_8776035373729634603_n.jpg 1536w\" sizes=\"auto, (max-width: 402px) 100vw, 402px\" \/><\/p>\n<p><span style=\"text-decoration: underline;\"><span style=\"color: #3366ff;\"><em><span style=\"font-family: 'trebuchet ms', geneva, sans-serif; font-size: 14pt;\">,,P<\/span><\/em><\/span><\/span><span style=\"text-decoration: underline;\"><span style=\"color: #3366ff;\"><em><span style=\"font-family: 'trebuchet ms', geneva, sans-serif; font-size: 14pt;\">asikalb\u0117kime&#8221;<\/span><\/em><\/span><\/span><\/p>\n<p><img loading=\"lazy\" decoding=\"async\" class=\"wp-image-1884 alignleft\" src=\"https:\/\/duc.zagaresgimnazija.lt\/wp-content\/uploads\/2025\/11\/9eff1d4f-1db9-4e75-8b3c-e78a6f40c382-300x225.jpg\" alt=\"\" width=\"300\" height=\"225\" srcset=\"https:\/\/duc.zagaresgimnazija.lt\/wp-content\/uploads\/2025\/11\/9eff1d4f-1db9-4e75-8b3c-e78a6f40c382-300x225.jpg 300w, https:\/\/duc.zagaresgimnazija.lt\/wp-content\/uploads\/2025\/11\/9eff1d4f-1db9-4e75-8b3c-e78a6f40c382-1024x768.jpg 1024w, https:\/\/duc.zagaresgimnazija.lt\/wp-content\/uploads\/2025\/11\/9eff1d4f-1db9-4e75-8b3c-e78a6f40c382-768x576.jpg 768w, https:\/\/duc.zagaresgimnazija.lt\/wp-content\/uploads\/2025\/11\/9eff1d4f-1db9-4e75-8b3c-e78a6f40c382-1536x1152.jpg 1536w, https:\/\/duc.zagaresgimnazija.lt\/wp-content\/uploads\/2025\/11\/9eff1d4f-1db9-4e75-8b3c-e78a6f40c382-360x270.jpg 360w, https:\/\/duc.zagaresgimnazija.lt\/wp-content\/uploads\/2025\/11\/9eff1d4f-1db9-4e75-8b3c-e78a6f40c382.jpg 1920w\" sizes=\"auto, (max-width: 300px) 100vw, 300px\" \/> \u00a0\u00a0\u00a0 \u00a0<img loading=\"lazy\" decoding=\"async\" class=\"wp-image-1890 alignleft\" src=\"https:\/\/duc.zagaresgimnazija.lt\/wp-content\/uploads\/2025\/11\/293782561_397233942427408_1686684193955576972_n-300x225.jpg\" alt=\"\" width=\"297\" height=\"223\" srcset=\"https:\/\/duc.zagaresgimnazija.lt\/wp-content\/uploads\/2025\/11\/293782561_397233942427408_1686684193955576972_n-300x225.jpg 300w, https:\/\/duc.zagaresgimnazija.lt\/wp-content\/uploads\/2025\/11\/293782561_397233942427408_1686684193955576972_n-1024x768.jpg 1024w, https:\/\/duc.zagaresgimnazija.lt\/wp-content\/uploads\/2025\/11\/293782561_397233942427408_1686684193955576972_n-768x576.jpg 768w, https:\/\/duc.zagaresgimnazija.lt\/wp-content\/uploads\/2025\/11\/293782561_397233942427408_1686684193955576972_n-1536x1152.jpg 1536w, https:\/\/duc.zagaresgimnazija.lt\/wp-content\/uploads\/2025\/11\/293782561_397233942427408_1686684193955576972_n-360x270.jpg 360w, https:\/\/duc.zagaresgimnazija.lt\/wp-content\/uploads\/2025\/11\/293782561_397233942427408_1686684193955576972_n.jpg 2016w\" sizes=\"auto, (max-width: 297px) 100vw, 297px\" \/> <img loading=\"lazy\" decoding=\"async\" class=\"wp-image-1891 alignleft\" src=\"https:\/\/duc.zagaresgimnazija.lt\/wp-content\/uploads\/2025\/11\/299696680_442054221305527_644175760134597343_n-223x300.jpg\" alt=\"\" width=\"167\" height=\"225\" srcset=\"https:\/\/duc.zagaresgimnazija.lt\/wp-content\/uploads\/2025\/11\/299696680_442054221305527_644175760134597343_n-223x300.jpg 223w, https:\/\/duc.zagaresgimnazija.lt\/wp-content\/uploads\/2025\/11\/299696680_442054221305527_644175760134597343_n-762x1024.jpg 762w, https:\/\/duc.zagaresgimnazija.lt\/wp-content\/uploads\/2025\/11\/299696680_442054221305527_644175760134597343_n-768x1032.jpg 768w, https:\/\/duc.zagaresgimnazija.lt\/wp-content\/uploads\/2025\/11\/299696680_442054221305527_644175760134597343_n-1143x1536.jpg 1143w, https:\/\/duc.zagaresgimnazija.lt\/wp-content\/uploads\/2025\/11\/299696680_442054221305527_644175760134597343_n-201x270.jpg 201w, https:\/\/duc.zagaresgimnazija.lt\/wp-content\/uploads\/2025\/11\/299696680_442054221305527_644175760134597343_n.jpg 1152w\" sizes=\"auto, (max-width: 167px) 100vw, 167px\" \/><\/p>\n<p>&nbsp;<\/p>\n<p>&nbsp;<\/p>\n<p>&nbsp;<\/p>\n<p>&nbsp;<\/p>\n<p>&nbsp;<\/p>\n<p>&nbsp;<\/p>\n<p><span style=\"text-decoration: underline;\"><em><span style=\"color: #3366ff; font-family: 'trebuchet ms', geneva, sans-serif; font-size: 14pt; text-decoration: underline;\">Valgiara\u0161tis:<\/span><\/em><\/span><\/p>\n<p><img loading=\"lazy\" decoding=\"async\" class=\"alignnone wp-image-1880\" src=\"https:\/\/duc.zagaresgimnazija.lt\/wp-content\/uploads\/2025\/11\/2e0a4295-709f-4768-b414-fa522230884a-225x300.jpg\" alt=\"\" width=\"209\" height=\"279\" srcset=\"https:\/\/duc.zagaresgimnazija.lt\/wp-content\/uploads\/2025\/11\/2e0a4295-709f-4768-b414-fa522230884a-225x300.jpg 225w, https:\/\/duc.zagaresgimnazija.lt\/wp-content\/uploads\/2025\/11\/2e0a4295-709f-4768-b414-fa522230884a-768x1024.jpg 768w, https:\/\/duc.zagaresgimnazija.lt\/wp-content\/uploads\/2025\/11\/2e0a4295-709f-4768-b414-fa522230884a-1152x1536.jpg 1152w, https:\/\/duc.zagaresgimnazija.lt\/wp-content\/uploads\/2025\/11\/2e0a4295-709f-4768-b414-fa522230884a-203x270.jpg 203w, https:\/\/duc.zagaresgimnazija.lt\/wp-content\/uploads\/2025\/11\/2e0a4295-709f-4768-b414-fa522230884a.jpg 1536w\" sizes=\"auto, (max-width: 209px) 100vw, 209px\" \/> <img loading=\"lazy\" decoding=\"async\" class=\"alignnone wp-image-1881\" src=\"https:\/\/duc.zagaresgimnazija.lt\/wp-content\/uploads\/2025\/11\/2f8685de-b563-4fc9-9ba5-c0de95fbf536-225x300.jpg\" alt=\"\" width=\"207\" height=\"276\" srcset=\"https:\/\/duc.zagaresgimnazija.lt\/wp-content\/uploads\/2025\/11\/2f8685de-b563-4fc9-9ba5-c0de95fbf536-225x300.jpg 225w, https:\/\/duc.zagaresgimnazija.lt\/wp-content\/uploads\/2025\/11\/2f8685de-b563-4fc9-9ba5-c0de95fbf536-768x1024.jpg 768w, https:\/\/duc.zagaresgimnazija.lt\/wp-content\/uploads\/2025\/11\/2f8685de-b563-4fc9-9ba5-c0de95fbf536-1152x1536.jpg 1152w, https:\/\/duc.zagaresgimnazija.lt\/wp-content\/uploads\/2025\/11\/2f8685de-b563-4fc9-9ba5-c0de95fbf536-203x270.jpg 203w, https:\/\/duc.zagaresgimnazija.lt\/wp-content\/uploads\/2025\/11\/2f8685de-b563-4fc9-9ba5-c0de95fbf536.jpg 1536w\" sizes=\"auto, (max-width: 207px) 100vw, 207px\" \/> <img loading=\"lazy\" decoding=\"async\" class=\"alignnone wp-image-1882\" src=\"https:\/\/duc.zagaresgimnazija.lt\/wp-content\/uploads\/2025\/11\/963f9438-6ea0-403c-b0c9-dca39d48da38-225x300.jpg\" alt=\"\" width=\"207\" height=\"276\" srcset=\"https:\/\/duc.zagaresgimnazija.lt\/wp-content\/uploads\/2025\/11\/963f9438-6ea0-403c-b0c9-dca39d48da38-225x300.jpg 225w, https:\/\/duc.zagaresgimnazija.lt\/wp-content\/uploads\/2025\/11\/963f9438-6ea0-403c-b0c9-dca39d48da38-768x1024.jpg 768w, https:\/\/duc.zagaresgimnazija.lt\/wp-content\/uploads\/2025\/11\/963f9438-6ea0-403c-b0c9-dca39d48da38-1152x1536.jpg 1152w, https:\/\/duc.zagaresgimnazija.lt\/wp-content\/uploads\/2025\/11\/963f9438-6ea0-403c-b0c9-dca39d48da38-203x270.jpg 203w, https:\/\/duc.zagaresgimnazija.lt\/wp-content\/uploads\/2025\/11\/963f9438-6ea0-403c-b0c9-dca39d48da38.jpg 1536w\" sizes=\"auto, (max-width: 207px) 100vw, 207px\" \/> <img loading=\"lazy\" decoding=\"async\" class=\"alignnone wp-image-1883\" src=\"https:\/\/duc.zagaresgimnazija.lt\/wp-content\/uploads\/2025\/11\/ce09b1aa-e2c7-4afa-b9bf-e0d5928f9a7f-225x300.jpg\" alt=\"\" width=\"206\" height=\"275\" srcset=\"https:\/\/duc.zagaresgimnazija.lt\/wp-content\/uploads\/2025\/11\/ce09b1aa-e2c7-4afa-b9bf-e0d5928f9a7f-225x300.jpg 225w, https:\/\/duc.zagaresgimnazija.lt\/wp-content\/uploads\/2025\/11\/ce09b1aa-e2c7-4afa-b9bf-e0d5928f9a7f-768x1024.jpg 768w, https:\/\/duc.zagaresgimnazija.lt\/wp-content\/uploads\/2025\/11\/ce09b1aa-e2c7-4afa-b9bf-e0d5928f9a7f-1152x1536.jpg 1152w, https:\/\/duc.zagaresgimnazija.lt\/wp-content\/uploads\/2025\/11\/ce09b1aa-e2c7-4afa-b9bf-e0d5928f9a7f-203x270.jpg 203w, https:\/\/duc.zagaresgimnazija.lt\/wp-content\/uploads\/2025\/11\/ce09b1aa-e2c7-4afa-b9bf-e0d5928f9a7f.jpg 1536w\" sizes=\"auto, (max-width: 206px) 100vw, 206px\" \/><\/p>\n<p><span style=\"text-decoration: underline;\"><span style=\"font-family: 'trebuchet ms', geneva, sans-serif; color: #3366ff;\"><em><span style=\"font-size: 14pt;\">S<\/span><\/em><\/span><\/span><em style=\"color: #3366ff; font-family: 'trebuchet ms', geneva, sans-serif; text-decoration-line: underline;\"><span style=\"font-size: 14pt;\">imboli\u0173 sistema:<\/span><\/em><\/p>\n<p><img loading=\"lazy\" decoding=\"async\" class=\"alignnone wp-image-2219\" src=\"https:\/\/duc.zagaresgimnazija.lt\/wp-content\/uploads\/2026\/01\/97c48bb4-6734-4656-b9c3-512ab49aa3e2-300x163.jpg\" alt=\"\" width=\"409\" height=\"222\" srcset=\"https:\/\/duc.zagaresgimnazija.lt\/wp-content\/uploads\/2026\/01\/97c48bb4-6734-4656-b9c3-512ab49aa3e2-300x163.jpg 300w, https:\/\/duc.zagaresgimnazija.lt\/wp-content\/uploads\/2026\/01\/97c48bb4-6734-4656-b9c3-512ab49aa3e2-1024x556.jpg 1024w, https:\/\/duc.zagaresgimnazija.lt\/wp-content\/uploads\/2026\/01\/97c48bb4-6734-4656-b9c3-512ab49aa3e2-768x417.jpg 768w, https:\/\/duc.zagaresgimnazija.lt\/wp-content\/uploads\/2026\/01\/97c48bb4-6734-4656-b9c3-512ab49aa3e2-1536x834.jpg 1536w, https:\/\/duc.zagaresgimnazija.lt\/wp-content\/uploads\/2026\/01\/97c48bb4-6734-4656-b9c3-512ab49aa3e2-360x195.jpg 360w, https:\/\/duc.zagaresgimnazija.lt\/wp-content\/uploads\/2026\/01\/97c48bb4-6734-4656-b9c3-512ab49aa3e2.jpg 2048w\" sizes=\"auto, (max-width: 409px) 100vw, 409px\" \/> <img loading=\"lazy\" decoding=\"async\" class=\"alignnone wp-image-2220\" src=\"https:\/\/duc.zagaresgimnazija.lt\/wp-content\/uploads\/2026\/01\/134f2bed-53c1-4c30-b7c7-96faf2e3c4fc-300x170.jpg\" alt=\"\" width=\"395\" height=\"224\" srcset=\"https:\/\/duc.zagaresgimnazija.lt\/wp-content\/uploads\/2026\/01\/134f2bed-53c1-4c30-b7c7-96faf2e3c4fc-300x170.jpg 300w, https:\/\/duc.zagaresgimnazija.lt\/wp-content\/uploads\/2026\/01\/134f2bed-53c1-4c30-b7c7-96faf2e3c4fc-1024x580.jpg 1024w, https:\/\/duc.zagaresgimnazija.lt\/wp-content\/uploads\/2026\/01\/134f2bed-53c1-4c30-b7c7-96faf2e3c4fc-768x435.jpg 768w, https:\/\/duc.zagaresgimnazija.lt\/wp-content\/uploads\/2026\/01\/134f2bed-53c1-4c30-b7c7-96faf2e3c4fc-1536x870.jpg 1536w, https:\/\/duc.zagaresgimnazija.lt\/wp-content\/uploads\/2026\/01\/134f2bed-53c1-4c30-b7c7-96faf2e3c4fc-360x204.jpg 360w, https:\/\/duc.zagaresgimnazija.lt\/wp-content\/uploads\/2026\/01\/134f2bed-53c1-4c30-b7c7-96faf2e3c4fc.jpg 2048w\" sizes=\"auto, (max-width: 395px) 100vw, 395px\" \/><\/p>\n<p><img loading=\"lazy\" decoding=\"async\" class=\"alignnone size-medium wp-image-2222\" src=\"https:\/\/duc.zagaresgimnazija.lt\/wp-content\/uploads\/2026\/01\/861d1b6a-ef2e-4818-8007-f5e0f45dbba6-225x300.jpg\" alt=\"\" width=\"225\" height=\"300\" srcset=\"https:\/\/duc.zagaresgimnazija.lt\/wp-content\/uploads\/2026\/01\/861d1b6a-ef2e-4818-8007-f5e0f45dbba6-225x300.jpg 225w, https:\/\/duc.zagaresgimnazija.lt\/wp-content\/uploads\/2026\/01\/861d1b6a-ef2e-4818-8007-f5e0f45dbba6-768x1024.jpg 768w, https:\/\/duc.zagaresgimnazija.lt\/wp-content\/uploads\/2026\/01\/861d1b6a-ef2e-4818-8007-f5e0f45dbba6-1152x1536.jpg 1152w, https:\/\/duc.zagaresgimnazija.lt\/wp-content\/uploads\/2026\/01\/861d1b6a-ef2e-4818-8007-f5e0f45dbba6-203x270.jpg 203w, https:\/\/duc.zagaresgimnazija.lt\/wp-content\/uploads\/2026\/01\/861d1b6a-ef2e-4818-8007-f5e0f45dbba6.jpg 1536w\" sizes=\"auto, (max-width: 225px) 100vw, 225px\" \/> <img loading=\"lazy\" decoding=\"async\" class=\"alignnone size-medium wp-image-2229\" src=\"https:\/\/duc.zagaresgimnazija.lt\/wp-content\/uploads\/2026\/01\/bdaab124-d872-4216-90b0-9f30336e0b3d-1-225x300.jpg\" alt=\"\" width=\"225\" height=\"300\" srcset=\"https:\/\/duc.zagaresgimnazija.lt\/wp-content\/uploads\/2026\/01\/bdaab124-d872-4216-90b0-9f30336e0b3d-1-225x300.jpg 225w, https:\/\/duc.zagaresgimnazija.lt\/wp-content\/uploads\/2026\/01\/bdaab124-d872-4216-90b0-9f30336e0b3d-1-768x1024.jpg 768w, https:\/\/duc.zagaresgimnazija.lt\/wp-content\/uploads\/2026\/01\/bdaab124-d872-4216-90b0-9f30336e0b3d-1-1152x1536.jpg 1152w, https:\/\/duc.zagaresgimnazija.lt\/wp-content\/uploads\/2026\/01\/bdaab124-d872-4216-90b0-9f30336e0b3d-1-203x270.jpg 203w, https:\/\/duc.zagaresgimnazija.lt\/wp-content\/uploads\/2026\/01\/bdaab124-d872-4216-90b0-9f30336e0b3d-1.jpg 1536w\" sizes=\"auto, (max-width: 225px) 100vw, 225px\" \/><\/p>\n<p><img loading=\"lazy\" decoding=\"async\" class=\"alignnone size-medium wp-image-2225\" src=\"https:\/\/duc.zagaresgimnazija.lt\/wp-content\/uploads\/2026\/01\/d7fba073-3371-4698-8424-94c2e32cdbbc-300x174.jpg\" alt=\"\" width=\"300\" height=\"174\" srcset=\"https:\/\/duc.zagaresgimnazija.lt\/wp-content\/uploads\/2026\/01\/d7fba073-3371-4698-8424-94c2e32cdbbc-300x174.jpg 300w, https:\/\/duc.zagaresgimnazija.lt\/wp-content\/uploads\/2026\/01\/d7fba073-3371-4698-8424-94c2e32cdbbc-1024x595.jpg 1024w, https:\/\/duc.zagaresgimnazija.lt\/wp-content\/uploads\/2026\/01\/d7fba073-3371-4698-8424-94c2e32cdbbc-768x446.jpg 768w, https:\/\/duc.zagaresgimnazija.lt\/wp-content\/uploads\/2026\/01\/d7fba073-3371-4698-8424-94c2e32cdbbc-1536x892.jpg 1536w, https:\/\/duc.zagaresgimnazija.lt\/wp-content\/uploads\/2026\/01\/d7fba073-3371-4698-8424-94c2e32cdbbc-360x209.jpg 360w, https:\/\/duc.zagaresgimnazija.lt\/wp-content\/uploads\/2026\/01\/d7fba073-3371-4698-8424-94c2e32cdbbc.jpg 2048w\" sizes=\"auto, (max-width: 300px) 100vw, 300px\" \/> <img loading=\"lazy\" decoding=\"async\" class=\"alignnone size-medium wp-image-2221\" src=\"https:\/\/duc.zagaresgimnazija.lt\/wp-content\/uploads\/2026\/01\/0553cef2-b57e-44ca-bf38-b5592dcb3736-300x225.jpg\" alt=\"\" width=\"300\" height=\"225\" srcset=\"https:\/\/duc.zagaresgimnazija.lt\/wp-content\/uploads\/2026\/01\/0553cef2-b57e-44ca-bf38-b5592dcb3736-300x225.jpg 300w, https:\/\/duc.zagaresgimnazija.lt\/wp-content\/uploads\/2026\/01\/0553cef2-b57e-44ca-bf38-b5592dcb3736-1024x768.jpg 1024w, https:\/\/duc.zagaresgimnazija.lt\/wp-content\/uploads\/2026\/01\/0553cef2-b57e-44ca-bf38-b5592dcb3736-768x576.jpg 768w, https:\/\/duc.zagaresgimnazija.lt\/wp-content\/uploads\/2026\/01\/0553cef2-b57e-44ca-bf38-b5592dcb3736-1536x1152.jpg 1536w, https:\/\/duc.zagaresgimnazija.lt\/wp-content\/uploads\/2026\/01\/0553cef2-b57e-44ca-bf38-b5592dcb3736-360x270.jpg 360w, https:\/\/duc.zagaresgimnazija.lt\/wp-content\/uploads\/2026\/01\/0553cef2-b57e-44ca-bf38-b5592dcb3736.jpg 2048w\" sizes=\"auto, (max-width: 300px) 100vw, 300px\" \/><\/p>\n","protected":false},"excerpt":{"rendered":"<p>&nbsp; &nbsp; PASLAUG\u0172 GAV\u0116J\u0172 \u012eGALINIMO PRIEMON\u0116S Dienos u\u017eimtumo centro taryba: &nbsp; Paslaug\u0173 gav\u0117j\u0173 taryba: Seni\u016bno rinkimai: ,,Pasikalb\u0117kime&#8221; \u00a0\u00a0\u00a0 \u00a0 &nbsp; &nbsp; &nbsp; &nbsp; &nbsp; &nbsp; Valgiara\u0161tis: Simboli\u0173 sistema:<\/p>\n","protected":false},"author":1,"featured_media":0,"parent":0,"menu_order":0,"comment_status":"closed","ping_status":"closed","template":"","meta":{"footnotes":""},"class_list":["post-107","page","type-page","status-publish","hentry"],"_links":{"self":[{"href":"https:\/\/duc.zagaresgimnazija.lt\/index.php?rest_route=\/wp\/v2\/pages\/107","targetHints":{"allow":["GET"]}}],"collection":[{"href":"https:\/\/duc.zagaresgimnazija.lt\/index.php?rest_route=\/wp\/v2\/pages"}],"about":[{"href":"https:\/\/duc.zagaresgimnazija.lt\/index.php?rest_route=\/wp\/v2\/types\/page"}],"author":[{"embeddable":true,"href":"https:\/\/duc.zagaresgimnazija.lt\/index.php?rest_route=\/wp\/v2\/users\/1"}],"replies":[{"embeddable":true,"href":"https:\/\/duc.zagaresgimnazija.lt\/index.php?rest_route=%2Fwp%2Fv2%2Fcomments&post=107"}],"version-history":[{"count":17,"href":"https:\/\/duc.zagaresgimnazija.lt\/index.php?rest_route=\/wp\/v2\/pages\/107\/revisions"}],"predecessor-version":[{"id":2230,"href":"https:\/\/duc.zagaresgimnazija.lt\/index.php?rest_route=\/wp\/v2\/pages\/107\/revisions\/2230"}],"wp:attachment":[{"href":"https:\/\/duc.zagaresgimnazija.lt\/index.php?rest_route=%2Fwp%2Fv2%2Fmedia&parent=107"}],"curies":[{"name":"wp","href":"https:\/\/api.w.org\/{rel}","templated":true}]}}