{"id":11,"date":"2024-09-15T17:56:27","date_gmt":"2024-09-15T17:56:27","guid":{"rendered":"https:\/\/duc.zagaresgimnazija.lt\/?page_id=11"},"modified":"2026-02-10T09:45:51","modified_gmt":"2026-02-10T09:45:51","slug":"veikla","status":"publish","type":"page","link":"https:\/\/duc.zagaresgimnazija.lt\/?page_id=11","title":{"rendered":"Veikla"},"content":{"rendered":"<p><em><span style=\"font-family: 'trebuchet ms', geneva, sans-serif; font-size: 14pt; color: #3366ff;\">Dienos u\u017eimtumo centras yra Joni\u0161kio r. \u017dagar\u0117s gimnazijos padalinys, veikiantis kaip nestacionari socialin\u0117s globos \u012fstaiga, i\u0161laikoma i\u0161 valstyb\u0117s dotacij\u0173 sunkios negalios paslaug\u0173 gav\u0117jams, savivaldyb\u0117s biud\u017eeto, paramos l\u0117\u0161\u0173 ir paslaug\u0173 gav\u0117j\u0173 \u012fmok\u0173 u\u017e suteiktas paslaugas. Dienos u\u017eimtumo centro veiklos tikslas \u2013 teikti dienos socialin\u0119 glob\u0105 asmenims nuo 7 met\u0173 am\u017eiaus, turintiems sunki\u0105 ir vidutin\u0119 proto ar psichikos, ar kompleksin\u0119 negali\u0105 Joni\u0161kio rajono gyventojams. Dienos socialin\u0117 globa teikiama ne\u012fgaliems vaikams, suaugusiems ir senyvo am\u017eiaus asmenims.<\/span><\/em><\/p>\n<p><em><span style=\"font-family: 'trebuchet ms', geneva, sans-serif; font-size: 14pt; color: #3366ff;\">Veiklos prad\u017eia 2011 metais rugs\u0117jo 1 d. (pagrindas \u2013 Jungtin\u0117s veiklos (partneryst\u0117s) sutartis) kaip \u017dagar\u0117s specialiosios mokyklos padalinys gyvav\u0119s iki 2024 m. rugs\u0117jo 1 d. <\/span><\/em><\/p>\n<p><em><span style=\"font-family: 'trebuchet ms', geneva, sans-serif; font-size: 14pt; color: #3366ff;\">Dienos u\u017eimtumo centro steig\u0117jas \u2013 Joni\u0161kio rajono savivaldyb\u0117.<\/span><\/em><\/p>\n<p><em><span style=\"font-family: 'trebuchet ms', geneva, sans-serif; font-size: 14pt; color: #3366ff;\">Dienos u\u017eimtumo centre yra teikiamos socialin\u0117s paslaugos. Paslaug\u0173 gav\u0117jai dalyvauja \u012fvairiose veiklose: sporto, keramikos b\u016breliuose, muzikin\u0117se ir k\u016brybin\u0117se veiklose. Vaikams ir suaugusiems formuojami socialiniai, buitiniai \u012fg\u016bd\u017eiai, meniniai geb\u0117jimai ir ugdomas savaranki\u0161kumas. Siekiama tenkinti individualius paslaug\u0173 gav\u0117j\u0173 poreikius, puosel\u0117ti \u012ftraukim\u0105 \u012f bendruomen\u0119 ir bendradarbiavim\u0105. Gyvenimas bendruomen\u0117je padeda pasijausti pilnaver\u010diu \u017emogumi ir bendruomen\u0117s nariu.<\/span><\/em><\/p>\n<p><span style=\"color: #3366ff;\"><em><span style=\"font-family: 'trebuchet ms', geneva, sans-serif; font-size: 14pt;\"><strong>MISIJA<\/strong><\/span><\/em><\/span><\/p>\n<p><span style=\"color: #3366ff;\"><em><span style=\"font-family: 'trebuchet ms', geneva, sans-serif; font-size: 14pt;\">Teikti\u00a0 kokybi\u0161kas socialin\u0117s globos paslaugas, stiprinant asmens savaranki\u0161kum\u0105.<\/span><\/em><\/span><\/p>\n<p><span style=\"color: #3366ff;\"><em><span style=\"font-family: 'trebuchet ms', geneva, sans-serif; font-size: 14pt;\"><strong>VIZIJA<\/strong><\/span><\/em><\/span><\/p>\n<p><span style=\"color: #3366ff;\"><em><span style=\"font-family: 'trebuchet ms', geneva, sans-serif; font-size: 14pt;\">Nuolat tobul\u0117janti ir auganti \u012fstaiga, teikianti socialin\u0117s globos paslaugas asmenims su negalia.<\/span><\/em><\/span><\/p>\n<p><span style=\"color: #3366ff;\"><em><span style=\"font-family: 'trebuchet ms', geneva, sans-serif; font-size: 14pt;\"><strong>FILOSOFIJA<\/strong><\/span><\/em><\/span><\/p>\n<p><span style=\"color: #3366ff;\"><em><span style=\"font-family: 'trebuchet ms', geneva, sans-serif; font-size: 14pt;\">\u201eAteitis priklauso tik nuo to, k\u0105 kiekvienas i\u0161 m\u016bs\u0173 daro kasdien\u201c.<\/span><\/em><\/span><\/p>\n<p><span style=\"color: #3366ff; font-family: 'trebuchet ms', geneva, sans-serif; font-size: 14pt;\"><strong>VERTYB\u0116S<\/strong><\/span><\/p>\n<p><span style=\"color: #3366ff; font-family: 'trebuchet ms', geneva, sans-serif;\"><span style=\"font-size: 14pt;\"><strong>Pagarba paslaug\u0173 gav\u0117jui<\/strong><\/span>, j\u0173 t\u0117vams ir glob\u0117jams, \u012ftraukiant \u012f veikl\u0173, paslaug\u0173 ir darbo kokyb\u0117s vertinimo proces\u0105.<\/span><\/p>\n<p><span style=\"color: #3366ff; font-family: 'trebuchet ms', geneva, sans-serif;\"><span style=\"font-size: 14pt;\"><strong>Komandinis darbas<\/strong>.<\/span> S\u0117km\u0117 komandiniame darbe, siekiant \u012fgyvendinti Dienos u\u017eimtumo centro tikslus ir u\u017edavinius.<\/span><\/p>\n<p>&nbsp;<\/p>\n<h2><span style=\"color: #0000ff; font-family: 'trebuchet ms', geneva, sans-serif; font-size: 18pt;\"><strong>Teis\u0117s aktai, kuriais vadovaujantis vykdoma Joni\u0161kio r. \u017dagar\u0117s gimnazijos Dienos u\u017eimtumo centro veikla<\/strong><\/span><\/h2>\n<ol>\n<li><span style=\"color: #3366ff; font-family: 'trebuchet ms', geneva, sans-serif; font-size: 14pt;\"><a style=\"color: #3366ff; text-decoration: underline;\" href=\"https:\/\/duc.zagaresgimnazija.lt\/wp-content\/uploads\/2025\/11\/ISAK_JONISKIO-R.-ZAGARES-GIMNAZIJOS-DIENOS-UZIMTUMO-NUOSTATU-PATVIRTINIMO.pdf\">Joni\u0161kio r. \u017dagar\u0117s gimnazijos Dienos u\u017eimtumo centro nuostatai<\/a><\/span><\/li>\n<li><span style=\"color: #3366ff; font-family: 'trebuchet ms', geneva, sans-serif; font-size: 14pt;\"><a style=\"color: #3366ff; text-decoration: underline;\" href=\"https:\/\/duc.zagaresgimnazija.lt\/wp-content\/uploads\/2025\/11\/Strateginis-DUC-2025-2027.docx\">Joni\u0161kio r. \u017dagar\u0117s gimnazijos Dienos u\u017eimtumo centro strateginis veiklos planas 2025-2027 metams<\/a><\/span><\/li>\n<li><span style=\"font-family: 'trebuchet ms', geneva, sans-serif; font-size: 12pt; color: #3366ff;\"><a style=\"color: #3366ff;\" href=\"https:\/\/duc.zagaresgimnazija.lt\/wp-content\/uploads\/2026\/02\/Metinis-planas-2026-m.-1.docx\">JONI\u0160KIO R. \u017dAGAR\u0116S GIMNAZIJOS DIENOS U\u017dIMTUMO CENTRO VEIKLOS PLANAS 2026 METAMS<\/a><\/span><\/li>\n<li><span style=\"font-family: 'trebuchet ms', geneva, sans-serif; color: #3366ff; font-size: 12pt;\"><a style=\"color: #3366ff; text-decoration: underline;\" href=\"https:\/\/duc.zagaresgimnazija.lt\/wp-content\/uploads\/2025\/11\/DUC-2025-metu-veiklos-planas.docx\">JONI\u0160KIO R. \u017dAGAR\u0116S GIMNAZIJOS DIENOS U\u017dIMTUMO CENTRO VEIKLOS PLANAS 2025 METAMS<\/a><\/span><\/li>\n<li><span style=\"color: #3366ff; font-family: 'trebuchet ms', geneva, sans-serif; font-size: 14pt;\"><a style=\"color: #3366ff; text-decoration: underline;\" href=\"https:\/\/duc.zagaresgimnazija.lt\/wp-content\/uploads\/2025\/01\/AR_2025-01-01.pdf\">Lietuvos Respublikos Socialini\u0173 paslaug\u0173 \u012fstatymas<\/a><\/span><\/li>\n<li><span style=\"color: #3366ff; font-family: 'trebuchet ms', geneva, sans-serif; font-size: 14pt;\"><a style=\"color: #3366ff; text-decoration: underline;\" href=\"https:\/\/duc.zagaresgimnazija.lt\/wp-content\/uploads\/2025\/01\/AR_2024-07-01.pdf\">Lietuvos Respublikos Socialini\u0173 paslaug\u0173 katalogas<\/a><\/span><\/li>\n<li><span style=\"color: #3366ff; font-family: 'trebuchet ms', geneva, sans-serif; font-size: 14pt;\"><a style=\"color: #3366ff; text-decoration: underline;\" href=\"https:\/\/e-seimas.lrs.lt\/portal\/legalAct\/lt\/TAD\/TAIS.274447\/asr\">Socialini\u0173 paslaug\u0173 srities darbuotoj\u0173 profesin\u0117s kompetencijos tobulinimo tvarkos apra\u0161as<\/a><\/span><\/li>\n<\/ol>\n","protected":false},"excerpt":{"rendered":"<p>Dienos u\u017eimtumo centras yra Joni\u0161kio r. \u017dagar\u0117s gimnazijos padalinys, veikiantis kaip nestacionari socialin\u0117s globos \u012fstaiga, i\u0161laikoma i\u0161 valstyb\u0117s dotacij\u0173 sunkios negalios paslaug\u0173 gav\u0117jams, savivaldyb\u0117s biud\u017eeto, paramos l\u0117\u0161\u0173 ir paslaug\u0173 gav\u0117j\u0173 \u012fmok\u0173 u\u017e suteiktas paslaugas. Dienos u\u017eimtumo centro veiklos tikslas \u2013 <a href=\"https:\/\/duc.zagaresgimnazija.lt\/?page_id=11\" class=\"read-more\">I\u0161samiau &#8230;<\/a><\/p>\n","protected":false},"author":1,"featured_media":0,"parent":0,"menu_order":0,"comment_status":"closed","ping_status":"closed","template":"","meta":{"footnotes":""},"class_list":["post-11","page","type-page","status-publish","hentry"],"_links":{"self":[{"href":"https:\/\/duc.zagaresgimnazija.lt\/index.php?rest_route=\/wp\/v2\/pages\/11","targetHints":{"allow":["GET"]}}],"collection":[{"href":"https:\/\/duc.zagaresgimnazija.lt\/index.php?rest_route=\/wp\/v2\/pages"}],"about":[{"href":"https:\/\/duc.zagaresgimnazija.lt\/index.php?rest_route=\/wp\/v2\/types\/page"}],"author":[{"embeddable":true,"href":"https:\/\/duc.zagaresgimnazija.lt\/index.php?rest_route=\/wp\/v2\/users\/1"}],"replies":[{"embeddable":true,"href":"https:\/\/duc.zagaresgimnazija.lt\/index.php?rest_route=%2Fwp%2Fv2%2Fcomments&post=11"}],"version-history":[{"count":15,"href":"https:\/\/duc.zagaresgimnazija.lt\/index.php?rest_route=\/wp\/v2\/pages\/11\/revisions"}],"predecessor-version":[{"id":2245,"href":"https:\/\/duc.zagaresgimnazija.lt\/index.php?rest_route=\/wp\/v2\/pages\/11\/revisions\/2245"}],"wp:attachment":[{"href":"https:\/\/duc.zagaresgimnazija.lt\/index.php?rest_route=%2Fwp%2Fv2%2Fmedia&parent=11"}],"curies":[{"name":"wp","href":"https:\/\/api.w.org\/{rel}","templated":true}]}}