{"id":1281,"date":"2025-11-19T06:18:14","date_gmt":"2025-11-19T06:18:14","guid":{"rendered":"https:\/\/duc.zagaresgimnazija.lt\/?page_id=1281"},"modified":"2025-11-21T10:38:12","modified_gmt":"2025-11-21T10:38:12","slug":"fizinio-aktyvumo-skatinimo-uzsiemimai","status":"publish","type":"page","link":"https:\/\/duc.zagaresgimnazija.lt\/?page_id=1281","title":{"rendered":"FIZINIO AKTYVUMO SKATINIMO U\u017dSI\u0116MIMAI"},"content":{"rendered":"<p><span style=\"color: #3366ff;\"><em><span style=\"font-family: 'trebuchet ms', geneva, sans-serif; font-size: 14pt;\">1. Rytin\u0117 mank\u0161ta<\/span><\/em><\/span><br \/>\n<span style=\"color: #3366ff;\"><em><span style=\"font-family: 'trebuchet ms', geneva, sans-serif; font-size: 14pt;\">2. Fiziniai u\u017esi\u0117mimai ir baseinas<\/span><\/em><\/span><br \/>\n<span style=\"color: #3366ff;\"><em><span style=\"font-family: 'trebuchet ms', geneva, sans-serif; font-size: 14pt;\">3. Pasivaik\u0161\u010diojimai gamtoje<\/span><\/em><\/span><\/p>\n<p><img loading=\"lazy\" decoding=\"async\" class=\"alignnone wp-image-1556\" src=\"https:\/\/duc.zagaresgimnazija.lt\/wp-content\/uploads\/2025\/11\/487515352_674649754961398_118517649932632669_n-1-225x300.jpg\" alt=\"\" width=\"282\" height=\"376\" srcset=\"https:\/\/duc.zagaresgimnazija.lt\/wp-content\/uploads\/2025\/11\/487515352_674649754961398_118517649932632669_n-1-225x300.jpg 225w, https:\/\/duc.zagaresgimnazija.lt\/wp-content\/uploads\/2025\/11\/487515352_674649754961398_118517649932632669_n-1-768x1024.jpg 768w, https:\/\/duc.zagaresgimnazija.lt\/wp-content\/uploads\/2025\/11\/487515352_674649754961398_118517649932632669_n-1-1152x1536.jpg 1152w, https:\/\/duc.zagaresgimnazija.lt\/wp-content\/uploads\/2025\/11\/487515352_674649754961398_118517649932632669_n-1-203x270.jpg 203w, https:\/\/duc.zagaresgimnazija.lt\/wp-content\/uploads\/2025\/11\/487515352_674649754961398_118517649932632669_n-1.jpg 1536w\" sizes=\"auto, (max-width: 282px) 100vw, 282px\" \/><img loading=\"lazy\" decoding=\"async\" class=\"alignnone wp-image-1570\" src=\"https:\/\/duc.zagaresgimnazija.lt\/wp-content\/uploads\/2025\/11\/550467869_803550088738030_1605698923090103281_n-1-225x300.jpg\" alt=\"\" width=\"283\" height=\"377\" srcset=\"https:\/\/duc.zagaresgimnazija.lt\/wp-content\/uploads\/2025\/11\/550467869_803550088738030_1605698923090103281_n-1-225x300.jpg 225w, https:\/\/duc.zagaresgimnazija.lt\/wp-content\/uploads\/2025\/11\/550467869_803550088738030_1605698923090103281_n-1-768x1024.jpg 768w, https:\/\/duc.zagaresgimnazija.lt\/wp-content\/uploads\/2025\/11\/550467869_803550088738030_1605698923090103281_n-1-1152x1536.jpg 1152w, https:\/\/duc.zagaresgimnazija.lt\/wp-content\/uploads\/2025\/11\/550467869_803550088738030_1605698923090103281_n-1-203x270.jpg 203w, https:\/\/duc.zagaresgimnazija.lt\/wp-content\/uploads\/2025\/11\/550467869_803550088738030_1605698923090103281_n-1.jpg 1536w\" sizes=\"auto, (max-width: 283px) 100vw, 283px\" \/><em style=\"color: #3366ff;\"><span style=\"font-family: 'trebuchet ms', geneva, sans-serif; font-size: 14pt;\"><img loading=\"lazy\" decoding=\"async\" class=\"alignnone  wp-image-1694\" src=\"https:\/\/duc.zagaresgimnazija.lt\/wp-content\/uploads\/2025\/11\/380968405_1774592346309444_3418808867442878247_n-225x300.jpg\" alt=\"\" width=\"282\" height=\"376\" srcset=\"https:\/\/duc.zagaresgimnazija.lt\/wp-content\/uploads\/2025\/11\/380968405_1774592346309444_3418808867442878247_n-225x300.jpg 225w, https:\/\/duc.zagaresgimnazija.lt\/wp-content\/uploads\/2025\/11\/380968405_1774592346309444_3418808867442878247_n-768x1024.jpg 768w, https:\/\/duc.zagaresgimnazija.lt\/wp-content\/uploads\/2025\/11\/380968405_1774592346309444_3418808867442878247_n-1152x1536.jpg 1152w, https:\/\/duc.zagaresgimnazija.lt\/wp-content\/uploads\/2025\/11\/380968405_1774592346309444_3418808867442878247_n-203x270.jpg 203w, https:\/\/duc.zagaresgimnazija.lt\/wp-content\/uploads\/2025\/11\/380968405_1774592346309444_3418808867442878247_n.jpg 1512w\" sizes=\"auto, (max-width: 282px) 100vw, 282px\" \/><\/span><\/em><\/p>\n<p><img loading=\"lazy\" decoding=\"async\" class=\"alignnone wp-image-1550\" src=\"https:\/\/duc.zagaresgimnazija.lt\/wp-content\/uploads\/2025\/11\/486193642_672460308513676_2267901900333315351_n-1-225x300.jpg\" alt=\"\" width=\"330\" height=\"440\" srcset=\"https:\/\/duc.zagaresgimnazija.lt\/wp-content\/uploads\/2025\/11\/486193642_672460308513676_2267901900333315351_n-1-225x300.jpg 225w, https:\/\/duc.zagaresgimnazija.lt\/wp-content\/uploads\/2025\/11\/486193642_672460308513676_2267901900333315351_n-1-768x1024.jpg 768w, https:\/\/duc.zagaresgimnazija.lt\/wp-content\/uploads\/2025\/11\/486193642_672460308513676_2267901900333315351_n-1-1152x1536.jpg 1152w, https:\/\/duc.zagaresgimnazija.lt\/wp-content\/uploads\/2025\/11\/486193642_672460308513676_2267901900333315351_n-1-203x270.jpg 203w, https:\/\/duc.zagaresgimnazija.lt\/wp-content\/uploads\/2025\/11\/486193642_672460308513676_2267901900333315351_n-1.jpg 1536w\" sizes=\"auto, (max-width: 330px) 100vw, 330px\" \/> <img loading=\"lazy\" decoding=\"async\" class=\"alignnone wp-image-1517\" src=\"https:\/\/duc.zagaresgimnazija.lt\/wp-content\/uploads\/2025\/11\/691dc02c-c26b-40e5-a062-e28d5201a48f-1-169x300.jpg\" alt=\"\" width=\"247\" height=\"438\" srcset=\"https:\/\/duc.zagaresgimnazija.lt\/wp-content\/uploads\/2025\/11\/691dc02c-c26b-40e5-a062-e28d5201a48f-1-169x300.jpg 169w, https:\/\/duc.zagaresgimnazija.lt\/wp-content\/uploads\/2025\/11\/691dc02c-c26b-40e5-a062-e28d5201a48f-1-577x1024.jpg 577w, https:\/\/duc.zagaresgimnazija.lt\/wp-content\/uploads\/2025\/11\/691dc02c-c26b-40e5-a062-e28d5201a48f-1-768x1364.jpg 768w, https:\/\/duc.zagaresgimnazija.lt\/wp-content\/uploads\/2025\/11\/691dc02c-c26b-40e5-a062-e28d5201a48f-1-865x1536.jpg 865w, https:\/\/duc.zagaresgimnazija.lt\/wp-content\/uploads\/2025\/11\/691dc02c-c26b-40e5-a062-e28d5201a48f-1-152x270.jpg 152w, https:\/\/duc.zagaresgimnazija.lt\/wp-content\/uploads\/2025\/11\/691dc02c-c26b-40e5-a062-e28d5201a48f-1.jpg 1153w\" sizes=\"auto, (max-width: 247px) 100vw, 247px\" \/><\/p>\n<p><img loading=\"lazy\" decoding=\"async\" class=\"alignnone wp-image-1492\" src=\"https:\/\/duc.zagaresgimnazija.lt\/wp-content\/uploads\/2025\/11\/IMG_20200603_111713-225x300.jpg\" alt=\"\" width=\"324\" height=\"432\" srcset=\"https:\/\/duc.zagaresgimnazija.lt\/wp-content\/uploads\/2025\/11\/IMG_20200603_111713-225x300.jpg 225w, https:\/\/duc.zagaresgimnazija.lt\/wp-content\/uploads\/2025\/11\/IMG_20200603_111713-768x1024.jpg 768w, https:\/\/duc.zagaresgimnazija.lt\/wp-content\/uploads\/2025\/11\/IMG_20200603_111713-1152x1536.jpg 1152w, https:\/\/duc.zagaresgimnazija.lt\/wp-content\/uploads\/2025\/11\/IMG_20200603_111713-1536x2048.jpg 1536w, https:\/\/duc.zagaresgimnazija.lt\/wp-content\/uploads\/2025\/11\/IMG_20200603_111713-203x270.jpg 203w, https:\/\/duc.zagaresgimnazija.lt\/wp-content\/uploads\/2025\/11\/IMG_20200603_111713-scaled.jpg 1920w\" sizes=\"auto, (max-width: 324px) 100vw, 324px\" \/> <img loading=\"lazy\" decoding=\"async\" class=\"alignnone wp-image-1497\" src=\"https:\/\/duc.zagaresgimnazija.lt\/wp-content\/uploads\/2025\/11\/IMG_20200622_111752-225x300.jpg\" alt=\"\" width=\"324\" height=\"432\" srcset=\"https:\/\/duc.zagaresgimnazija.lt\/wp-content\/uploads\/2025\/11\/IMG_20200622_111752-225x300.jpg 225w, https:\/\/duc.zagaresgimnazija.lt\/wp-content\/uploads\/2025\/11\/IMG_20200622_111752-768x1024.jpg 768w, https:\/\/duc.zagaresgimnazija.lt\/wp-content\/uploads\/2025\/11\/IMG_20200622_111752-1152x1536.jpg 1152w, https:\/\/duc.zagaresgimnazija.lt\/wp-content\/uploads\/2025\/11\/IMG_20200622_111752-1536x2048.jpg 1536w, https:\/\/duc.zagaresgimnazija.lt\/wp-content\/uploads\/2025\/11\/IMG_20200622_111752-203x270.jpg 203w, https:\/\/duc.zagaresgimnazija.lt\/wp-content\/uploads\/2025\/11\/IMG_20200622_111752-scaled.jpg 1920w\" sizes=\"auto, (max-width: 324px) 100vw, 324px\" \/><\/p>\n<p><img loading=\"lazy\" decoding=\"async\" class=\"alignnone wp-image-1175\" src=\"https:\/\/duc.zagaresgimnazija.lt\/wp-content\/uploads\/2025\/10\/558861090_820961126996926_7416580505627448828_n-225x300.jpg\" alt=\"\" width=\"304\" height=\"406\" srcset=\"https:\/\/duc.zagaresgimnazija.lt\/wp-content\/uploads\/2025\/10\/558861090_820961126996926_7416580505627448828_n-225x300.jpg 225w, https:\/\/duc.zagaresgimnazija.lt\/wp-content\/uploads\/2025\/10\/558861090_820961126996926_7416580505627448828_n-768x1024.jpg 768w, https:\/\/duc.zagaresgimnazija.lt\/wp-content\/uploads\/2025\/10\/558861090_820961126996926_7416580505627448828_n-1152x1536.jpg 1152w, https:\/\/duc.zagaresgimnazija.lt\/wp-content\/uploads\/2025\/10\/558861090_820961126996926_7416580505627448828_n-203x270.jpg 203w, https:\/\/duc.zagaresgimnazija.lt\/wp-content\/uploads\/2025\/10\/558861090_820961126996926_7416580505627448828_n.jpg 1536w\" sizes=\"auto, (max-width: 304px) 100vw, 304px\" \/> <img loading=\"lazy\" decoding=\"async\" class=\"alignnone wp-image-1107\" src=\"https:\/\/duc.zagaresgimnazija.lt\/wp-content\/uploads\/2025\/09\/547225624_803550978737941_4626190540368849459_n-225x300.jpg\" alt=\"\" width=\"303\" height=\"404\" srcset=\"https:\/\/duc.zagaresgimnazija.lt\/wp-content\/uploads\/2025\/09\/547225624_803550978737941_4626190540368849459_n-225x300.jpg 225w, https:\/\/duc.zagaresgimnazija.lt\/wp-content\/uploads\/2025\/09\/547225624_803550978737941_4626190540368849459_n-768x1024.jpg 768w, https:\/\/duc.zagaresgimnazija.lt\/wp-content\/uploads\/2025\/09\/547225624_803550978737941_4626190540368849459_n-1152x1536.jpg 1152w, https:\/\/duc.zagaresgimnazija.lt\/wp-content\/uploads\/2025\/09\/547225624_803550978737941_4626190540368849459_n-203x270.jpg 203w, https:\/\/duc.zagaresgimnazija.lt\/wp-content\/uploads\/2025\/09\/547225624_803550978737941_4626190540368849459_n.jpg 1536w\" sizes=\"auto, (max-width: 303px) 100vw, 303px\" \/><\/p>\n<p><img loading=\"lazy\" decoding=\"async\" class=\"alignnone wp-image-1105\" src=\"https:\/\/duc.zagaresgimnazija.lt\/wp-content\/uploads\/2025\/09\/492951884_733989922360714_5109311763660527751_n-1-300x225.jpg\" alt=\"\" width=\"399\" height=\"299\" srcset=\"https:\/\/duc.zagaresgimnazija.lt\/wp-content\/uploads\/2025\/09\/492951884_733989922360714_5109311763660527751_n-1-300x225.jpg 300w, https:\/\/duc.zagaresgimnazija.lt\/wp-content\/uploads\/2025\/09\/492951884_733989922360714_5109311763660527751_n-1-1024x768.jpg 1024w, https:\/\/duc.zagaresgimnazija.lt\/wp-content\/uploads\/2025\/09\/492951884_733989922360714_5109311763660527751_n-1-768x576.jpg 768w, https:\/\/duc.zagaresgimnazija.lt\/wp-content\/uploads\/2025\/09\/492951884_733989922360714_5109311763660527751_n-1-1536x1152.jpg 1536w, https:\/\/duc.zagaresgimnazija.lt\/wp-content\/uploads\/2025\/09\/492951884_733989922360714_5109311763660527751_n-1-360x270.jpg 360w, https:\/\/duc.zagaresgimnazija.lt\/wp-content\/uploads\/2025\/09\/492951884_733989922360714_5109311763660527751_n-1.jpg 2048w\" sizes=\"auto, (max-width: 399px) 100vw, 399px\" \/> <img loading=\"lazy\" decoding=\"async\" class=\"alignnone size-medium wp-image-1066\" src=\"https:\/\/duc.zagaresgimnazija.lt\/wp-content\/uploads\/2025\/09\/540443561_787544620338577_8736015801088557970_n-225x300.jpg\" alt=\"\" width=\"225\" height=\"300\" srcset=\"https:\/\/duc.zagaresgimnazija.lt\/wp-content\/uploads\/2025\/09\/540443561_787544620338577_8736015801088557970_n-225x300.jpg 225w, https:\/\/duc.zagaresgimnazija.lt\/wp-content\/uploads\/2025\/09\/540443561_787544620338577_8736015801088557970_n-768x1024.jpg 768w, https:\/\/duc.zagaresgimnazija.lt\/wp-content\/uploads\/2025\/09\/540443561_787544620338577_8736015801088557970_n-1152x1536.jpg 1152w, https:\/\/duc.zagaresgimnazija.lt\/wp-content\/uploads\/2025\/09\/540443561_787544620338577_8736015801088557970_n-203x270.jpg 203w, https:\/\/duc.zagaresgimnazija.lt\/wp-content\/uploads\/2025\/09\/540443561_787544620338577_8736015801088557970_n.jpg 1536w\" sizes=\"auto, (max-width: 225px) 100vw, 225px\" \/><\/p>\n<p><img loading=\"lazy\" decoding=\"async\" class=\"alignnone wp-image-1067\" src=\"https:\/\/duc.zagaresgimnazija.lt\/wp-content\/uploads\/2025\/09\/540470819_787550670337972_2024034133549622606_n-225x300.jpg\" alt=\"\" width=\"250\" height=\"333\" srcset=\"https:\/\/duc.zagaresgimnazija.lt\/wp-content\/uploads\/2025\/09\/540470819_787550670337972_2024034133549622606_n-225x300.jpg 225w, https:\/\/duc.zagaresgimnazija.lt\/wp-content\/uploads\/2025\/09\/540470819_787550670337972_2024034133549622606_n-768x1024.jpg 768w, https:\/\/duc.zagaresgimnazija.lt\/wp-content\/uploads\/2025\/09\/540470819_787550670337972_2024034133549622606_n-1152x1536.jpg 1152w, https:\/\/duc.zagaresgimnazija.lt\/wp-content\/uploads\/2025\/09\/540470819_787550670337972_2024034133549622606_n-203x270.jpg 203w, https:\/\/duc.zagaresgimnazija.lt\/wp-content\/uploads\/2025\/09\/540470819_787550670337972_2024034133549622606_n.jpg 1536w\" sizes=\"auto, (max-width: 250px) 100vw, 250px\" \/> <img loading=\"lazy\" decoding=\"async\" class=\"alignnone wp-image-1030\" src=\"https:\/\/duc.zagaresgimnazija.lt\/wp-content\/uploads\/2025\/09\/511821501_740725265020513_3306511563290381880_n-225x300.jpg\" alt=\"\" width=\"251\" height=\"335\" srcset=\"https:\/\/duc.zagaresgimnazija.lt\/wp-content\/uploads\/2025\/09\/511821501_740725265020513_3306511563290381880_n-225x300.jpg 225w, https:\/\/duc.zagaresgimnazija.lt\/wp-content\/uploads\/2025\/09\/511821501_740725265020513_3306511563290381880_n-768x1024.jpg 768w, https:\/\/duc.zagaresgimnazija.lt\/wp-content\/uploads\/2025\/09\/511821501_740725265020513_3306511563290381880_n-1152x1536.jpg 1152w, https:\/\/duc.zagaresgimnazija.lt\/wp-content\/uploads\/2025\/09\/511821501_740725265020513_3306511563290381880_n-203x270.jpg 203w, https:\/\/duc.zagaresgimnazija.lt\/wp-content\/uploads\/2025\/09\/511821501_740725265020513_3306511563290381880_n.jpg 1536w\" sizes=\"auto, (max-width: 251px) 100vw, 251px\" \/><\/p>\n<p><img loading=\"lazy\" decoding=\"async\" class=\"alignnone wp-image-953\" src=\"https:\/\/duc.zagaresgimnazija.lt\/wp-content\/uploads\/2025\/06\/492751021_719398367153203_5504561018915956079_n-300x225.jpg\" alt=\"\" width=\"401\" height=\"301\" srcset=\"https:\/\/duc.zagaresgimnazija.lt\/wp-content\/uploads\/2025\/06\/492751021_719398367153203_5504561018915956079_n-300x225.jpg 300w, https:\/\/duc.zagaresgimnazija.lt\/wp-content\/uploads\/2025\/06\/492751021_719398367153203_5504561018915956079_n-1024x768.jpg 1024w, https:\/\/duc.zagaresgimnazija.lt\/wp-content\/uploads\/2025\/06\/492751021_719398367153203_5504561018915956079_n-768x576.jpg 768w, https:\/\/duc.zagaresgimnazija.lt\/wp-content\/uploads\/2025\/06\/492751021_719398367153203_5504561018915956079_n-1536x1152.jpg 1536w, https:\/\/duc.zagaresgimnazija.lt\/wp-content\/uploads\/2025\/06\/492751021_719398367153203_5504561018915956079_n-360x270.jpg 360w, https:\/\/duc.zagaresgimnazija.lt\/wp-content\/uploads\/2025\/06\/492751021_719398367153203_5504561018915956079_n.jpg 2048w\" sizes=\"auto, (max-width: 401px) 100vw, 401px\" \/> <img loading=\"lazy\" decoding=\"async\" class=\"alignnone size-medium wp-image-349\" src=\"https:\/\/duc.zagaresgimnazija.lt\/wp-content\/uploads\/2025\/02\/476473572_638156681944039_8355661935275031811_n-225x300.jpg\" alt=\"\" width=\"225\" height=\"300\" srcset=\"https:\/\/duc.zagaresgimnazija.lt\/wp-content\/uploads\/2025\/02\/476473572_638156681944039_8355661935275031811_n-225x300.jpg 225w, https:\/\/duc.zagaresgimnazija.lt\/wp-content\/uploads\/2025\/02\/476473572_638156681944039_8355661935275031811_n-768x1024.jpg 768w, https:\/\/duc.zagaresgimnazija.lt\/wp-content\/uploads\/2025\/02\/476473572_638156681944039_8355661935275031811_n-1152x1536.jpg 1152w, https:\/\/duc.zagaresgimnazija.lt\/wp-content\/uploads\/2025\/02\/476473572_638156681944039_8355661935275031811_n-203x270.jpg 203w, https:\/\/duc.zagaresgimnazija.lt\/wp-content\/uploads\/2025\/02\/476473572_638156681944039_8355661935275031811_n.jpg 1536w\" sizes=\"auto, (max-width: 225px) 100vw, 225px\" \/><\/p>\n<p><img loading=\"lazy\" decoding=\"async\" class=\"alignnone wp-image-1585\" src=\"https:\/\/duc.zagaresgimnazija.lt\/wp-content\/uploads\/2025\/11\/IMG_20210729_110008-3-225x300.jpg\" alt=\"\" width=\"229\" height=\"305\" srcset=\"https:\/\/duc.zagaresgimnazija.lt\/wp-content\/uploads\/2025\/11\/IMG_20210729_110008-3-225x300.jpg 225w, https:\/\/duc.zagaresgimnazija.lt\/wp-content\/uploads\/2025\/11\/IMG_20210729_110008-3-768x1024.jpg 768w, https:\/\/duc.zagaresgimnazija.lt\/wp-content\/uploads\/2025\/11\/IMG_20210729_110008-3-1152x1536.jpg 1152w, https:\/\/duc.zagaresgimnazija.lt\/wp-content\/uploads\/2025\/11\/IMG_20210729_110008-3-1536x2048.jpg 1536w, https:\/\/duc.zagaresgimnazija.lt\/wp-content\/uploads\/2025\/11\/IMG_20210729_110008-3-203x270.jpg 203w, https:\/\/duc.zagaresgimnazija.lt\/wp-content\/uploads\/2025\/11\/IMG_20210729_110008-3-scaled.jpg 1920w\" sizes=\"auto, (max-width: 229px) 100vw, 229px\" \/><img loading=\"lazy\" decoding=\"async\" class=\"alignnone wp-image-1584\" src=\"https:\/\/duc.zagaresgimnazija.lt\/wp-content\/uploads\/2025\/11\/445674832_475868501506192_3875384422127576302_n-3-300x225.jpg\" alt=\"\" width=\"407\" height=\"305\" srcset=\"https:\/\/duc.zagaresgimnazija.lt\/wp-content\/uploads\/2025\/11\/445674832_475868501506192_3875384422127576302_n-3-300x225.jpg 300w, https:\/\/duc.zagaresgimnazija.lt\/wp-content\/uploads\/2025\/11\/445674832_475868501506192_3875384422127576302_n-3-1024x768.jpg 1024w, https:\/\/duc.zagaresgimnazija.lt\/wp-content\/uploads\/2025\/11\/445674832_475868501506192_3875384422127576302_n-3-768x576.jpg 768w, https:\/\/duc.zagaresgimnazija.lt\/wp-content\/uploads\/2025\/11\/445674832_475868501506192_3875384422127576302_n-3-1536x1152.jpg 1536w, https:\/\/duc.zagaresgimnazija.lt\/wp-content\/uploads\/2025\/11\/445674832_475868501506192_3875384422127576302_n-3-360x270.jpg 360w, https:\/\/duc.zagaresgimnazija.lt\/wp-content\/uploads\/2025\/11\/445674832_475868501506192_3875384422127576302_n-3.jpg 1734w\" sizes=\"auto, (max-width: 407px) 100vw, 407px\" \/><\/p>\n<p><img loading=\"lazy\" decoding=\"async\" class=\"alignnone wp-image-1588\" src=\"https:\/\/duc.zagaresgimnazija.lt\/wp-content\/uploads\/2025\/11\/43f43d1d-5956-44cd-a80c-34cf1ce17cc7-225x300.jpg\" alt=\"\" width=\"316\" height=\"422\" srcset=\"https:\/\/duc.zagaresgimnazija.lt\/wp-content\/uploads\/2025\/11\/43f43d1d-5956-44cd-a80c-34cf1ce17cc7-225x300.jpg 225w, https:\/\/duc.zagaresgimnazija.lt\/wp-content\/uploads\/2025\/11\/43f43d1d-5956-44cd-a80c-34cf1ce17cc7-768x1024.jpg 768w, https:\/\/duc.zagaresgimnazija.lt\/wp-content\/uploads\/2025\/11\/43f43d1d-5956-44cd-a80c-34cf1ce17cc7-1152x1536.jpg 1152w, https:\/\/duc.zagaresgimnazija.lt\/wp-content\/uploads\/2025\/11\/43f43d1d-5956-44cd-a80c-34cf1ce17cc7-203x270.jpg 203w, https:\/\/duc.zagaresgimnazija.lt\/wp-content\/uploads\/2025\/11\/43f43d1d-5956-44cd-a80c-34cf1ce17cc7.jpg 1530w\" sizes=\"auto, (max-width: 316px) 100vw, 316px\" \/> <img loading=\"lazy\" decoding=\"async\" class=\"alignnone wp-image-1589\" src=\"https:\/\/duc.zagaresgimnazija.lt\/wp-content\/uploads\/2025\/11\/967b940f-e4bb-4d59-80c3-d62d5afe6bc9-225x300.jpg\" alt=\"\" width=\"314\" height=\"418\" srcset=\"https:\/\/duc.zagaresgimnazija.lt\/wp-content\/uploads\/2025\/11\/967b940f-e4bb-4d59-80c3-d62d5afe6bc9-225x300.jpg 225w, https:\/\/duc.zagaresgimnazija.lt\/wp-content\/uploads\/2025\/11\/967b940f-e4bb-4d59-80c3-d62d5afe6bc9-768x1024.jpg 768w, https:\/\/duc.zagaresgimnazija.lt\/wp-content\/uploads\/2025\/11\/967b940f-e4bb-4d59-80c3-d62d5afe6bc9-1152x1536.jpg 1152w, https:\/\/duc.zagaresgimnazija.lt\/wp-content\/uploads\/2025\/11\/967b940f-e4bb-4d59-80c3-d62d5afe6bc9-203x270.jpg 203w, https:\/\/duc.zagaresgimnazija.lt\/wp-content\/uploads\/2025\/11\/967b940f-e4bb-4d59-80c3-d62d5afe6bc9.jpg 1530w\" sizes=\"auto, (max-width: 314px) 100vw, 314px\" \/><\/p>\n<p>&nbsp;<\/p>\n","protected":false},"excerpt":{"rendered":"<p>1. Rytin\u0117 mank\u0161ta 2. Fiziniai u\u017esi\u0117mimai ir baseinas 3. Pasivaik\u0161\u010diojimai gamtoje &nbsp;<\/p>\n","protected":false},"author":1,"featured_media":0,"parent":11,"menu_order":0,"comment_status":"closed","ping_status":"closed","template":"","meta":{"footnotes":""},"class_list":["post-1281","page","type-page","status-publish","hentry"],"_links":{"self":[{"href":"https:\/\/duc.zagaresgimnazija.lt\/index.php?rest_route=\/wp\/v2\/pages\/1281","targetHints":{"allow":["GET"]}}],"collection":[{"href":"https:\/\/duc.zagaresgimnazija.lt\/index.php?rest_route=\/wp\/v2\/pages"}],"about":[{"href":"https:\/\/duc.zagaresgimnazija.lt\/index.php?rest_route=\/wp\/v2\/types\/page"}],"author":[{"embeddable":true,"href":"https:\/\/duc.zagaresgimnazija.lt\/index.php?rest_route=\/wp\/v2\/users\/1"}],"replies":[{"embeddable":true,"href":"https:\/\/duc.zagaresgimnazija.lt\/index.php?rest_route=%2Fwp%2Fv2%2Fcomments&post=1281"}],"version-history":[{"count":6,"href":"https:\/\/duc.zagaresgimnazija.lt\/index.php?rest_route=\/wp\/v2\/pages\/1281\/revisions"}],"predecessor-version":[{"id":1790,"href":"https:\/\/duc.zagaresgimnazija.lt\/index.php?rest_route=\/wp\/v2\/pages\/1281\/revisions\/1790"}],"up":[{"embeddable":true,"href":"https:\/\/duc.zagaresgimnazija.lt\/index.php?rest_route=\/wp\/v2\/pages\/11"}],"wp:attachment":[{"href":"https:\/\/duc.zagaresgimnazija.lt\/index.php?rest_route=%2Fwp%2Fv2%2Fmedia&parent=1281"}],"curies":[{"name":"wp","href":"https:\/\/api.w.org\/{rel}","templated":true}]}}