{"id":1310,"date":"2025-11-19T11:31:06","date_gmt":"2025-11-19T11:31:06","guid":{"rendered":"https:\/\/duc.zagaresgimnazija.lt\/?page_id=1310"},"modified":"2025-11-21T10:41:13","modified_gmt":"2025-11-21T10:41:13","slug":"komunikaciniu-igudziu-formavimas-ir-palaikymas","status":"publish","type":"page","link":"https:\/\/duc.zagaresgimnazija.lt\/?page_id=1310","title":{"rendered":"KOMUNIKACINI\u0172 \u012eG\u016aD\u017dI\u0172 FORMAVIMAS IR PALAIKYMAS"},"content":{"rendered":"<p><span style=\"color: #3366ff; font-family: 'trebuchet ms', geneva, sans-serif; font-size: 14pt;\"><em>1. Kompiuterinis ra\u0161tingumas<\/em><\/span><\/p>\n<p><span style=\"color: #3366ff; font-family: 'trebuchet ms', geneva, sans-serif; font-size: 14pt;\"><em>2. Bendravimas ir bendradarbiavimas<\/em><\/span><\/p>\n<p><span style=\"color: #3366ff; font-family: 'trebuchet ms', geneva, sans-serif; font-size: 14pt;\"><em>3. T\u0119stinis skaitymas, ra\u0161ymas, perra\u0161ymas<\/em><\/span><\/p>\n<p><img loading=\"lazy\" decoding=\"async\" class=\"alignnone wp-image-1592\" src=\"https:\/\/duc.zagaresgimnazija.lt\/wp-content\/uploads\/2025\/11\/1fc0b08c-4fbf-41d0-b61c-a4c7ba7ca91b-300x225.jpg\" alt=\"\" width=\"397\" height=\"298\" srcset=\"https:\/\/duc.zagaresgimnazija.lt\/wp-content\/uploads\/2025\/11\/1fc0b08c-4fbf-41d0-b61c-a4c7ba7ca91b-300x225.jpg 300w, https:\/\/duc.zagaresgimnazija.lt\/wp-content\/uploads\/2025\/11\/1fc0b08c-4fbf-41d0-b61c-a4c7ba7ca91b-1024x768.jpg 1024w, https:\/\/duc.zagaresgimnazija.lt\/wp-content\/uploads\/2025\/11\/1fc0b08c-4fbf-41d0-b61c-a4c7ba7ca91b-768x576.jpg 768w, https:\/\/duc.zagaresgimnazija.lt\/wp-content\/uploads\/2025\/11\/1fc0b08c-4fbf-41d0-b61c-a4c7ba7ca91b-1536x1152.jpg 1536w, https:\/\/duc.zagaresgimnazija.lt\/wp-content\/uploads\/2025\/11\/1fc0b08c-4fbf-41d0-b61c-a4c7ba7ca91b-2048x1536.jpg 2048w, https:\/\/duc.zagaresgimnazija.lt\/wp-content\/uploads\/2025\/11\/1fc0b08c-4fbf-41d0-b61c-a4c7ba7ca91b-360x270.jpg 360w\" sizes=\"auto, (max-width: 397px) 100vw, 397px\" \/> <img loading=\"lazy\" decoding=\"async\" class=\"alignnone size-medium wp-image-1591\" src=\"https:\/\/duc.zagaresgimnazija.lt\/wp-content\/uploads\/2025\/11\/8089b79f-8f1e-4c51-a530-77e2088c7785-225x300.jpg\" alt=\"\" width=\"225\" height=\"300\" srcset=\"https:\/\/duc.zagaresgimnazija.lt\/wp-content\/uploads\/2025\/11\/8089b79f-8f1e-4c51-a530-77e2088c7785-225x300.jpg 225w, https:\/\/duc.zagaresgimnazija.lt\/wp-content\/uploads\/2025\/11\/8089b79f-8f1e-4c51-a530-77e2088c7785-768x1024.jpg 768w, https:\/\/duc.zagaresgimnazija.lt\/wp-content\/uploads\/2025\/11\/8089b79f-8f1e-4c51-a530-77e2088c7785-1152x1536.jpg 1152w, https:\/\/duc.zagaresgimnazija.lt\/wp-content\/uploads\/2025\/11\/8089b79f-8f1e-4c51-a530-77e2088c7785-1536x2048.jpg 1536w, https:\/\/duc.zagaresgimnazija.lt\/wp-content\/uploads\/2025\/11\/8089b79f-8f1e-4c51-a530-77e2088c7785-203x270.jpg 203w, https:\/\/duc.zagaresgimnazija.lt\/wp-content\/uploads\/2025\/11\/8089b79f-8f1e-4c51-a530-77e2088c7785-scaled.jpg 1920w\" sizes=\"auto, (max-width: 225px) 100vw, 225px\" \/> <img loading=\"lazy\" decoding=\"async\" class=\"wp-image-1603 alignleft\" src=\"https:\/\/duc.zagaresgimnazija.lt\/wp-content\/uploads\/2025\/11\/dgdfg-300x225.jpg\" alt=\"\" width=\"396\" height=\"297\" srcset=\"https:\/\/duc.zagaresgimnazija.lt\/wp-content\/uploads\/2025\/11\/dgdfg-300x225.jpg 300w, https:\/\/duc.zagaresgimnazija.lt\/wp-content\/uploads\/2025\/11\/dgdfg-768x576.jpg 768w, https:\/\/duc.zagaresgimnazija.lt\/wp-content\/uploads\/2025\/11\/dgdfg-360x270.jpg 360w, https:\/\/duc.zagaresgimnazija.lt\/wp-content\/uploads\/2025\/11\/dgdfg.jpg 770w\" sizes=\"auto, (max-width: 396px) 100vw, 396px\" \/><img loading=\"lazy\" decoding=\"async\" class=\"wp-image-1507 alignleft\" src=\"https:\/\/duc.zagaresgimnazija.lt\/wp-content\/uploads\/2025\/11\/01ceed0b-7a5d-44bc-9088-be58b1effc34-2-300x225.jpg\" alt=\"\" width=\"402\" height=\"302\" srcset=\"https:\/\/duc.zagaresgimnazija.lt\/wp-content\/uploads\/2025\/11\/01ceed0b-7a5d-44bc-9088-be58b1effc34-2-300x225.jpg 300w, https:\/\/duc.zagaresgimnazija.lt\/wp-content\/uploads\/2025\/11\/01ceed0b-7a5d-44bc-9088-be58b1effc34-2-1024x768.jpg 1024w, https:\/\/duc.zagaresgimnazija.lt\/wp-content\/uploads\/2025\/11\/01ceed0b-7a5d-44bc-9088-be58b1effc34-2-768x576.jpg 768w, https:\/\/duc.zagaresgimnazija.lt\/wp-content\/uploads\/2025\/11\/01ceed0b-7a5d-44bc-9088-be58b1effc34-2-1536x1152.jpg 1536w, https:\/\/duc.zagaresgimnazija.lt\/wp-content\/uploads\/2025\/11\/01ceed0b-7a5d-44bc-9088-be58b1effc34-2-360x270.jpg 360w, https:\/\/duc.zagaresgimnazija.lt\/wp-content\/uploads\/2025\/11\/01ceed0b-7a5d-44bc-9088-be58b1effc34-2.jpg 2048w\" sizes=\"auto, (max-width: 402px) 100vw, 402px\" \/><\/p>\n<p><img loading=\"lazy\" decoding=\"async\" class=\"size-medium wp-image-1754 alignleft\" src=\"https:\/\/duc.zagaresgimnazija.lt\/wp-content\/uploads\/2025\/11\/332454830_461603986091255_4612208875604452866_n-1-300x225.jpg\" alt=\"\" width=\"300\" height=\"225\" srcset=\"https:\/\/duc.zagaresgimnazija.lt\/wp-content\/uploads\/2025\/11\/332454830_461603986091255_4612208875604452866_n-1-300x225.jpg 300w, https:\/\/duc.zagaresgimnazija.lt\/wp-content\/uploads\/2025\/11\/332454830_461603986091255_4612208875604452866_n-1-1024x768.jpg 1024w, https:\/\/duc.zagaresgimnazija.lt\/wp-content\/uploads\/2025\/11\/332454830_461603986091255_4612208875604452866_n-1-768x576.jpg 768w, https:\/\/duc.zagaresgimnazija.lt\/wp-content\/uploads\/2025\/11\/332454830_461603986091255_4612208875604452866_n-1-1536x1152.jpg 1536w, https:\/\/duc.zagaresgimnazija.lt\/wp-content\/uploads\/2025\/11\/332454830_461603986091255_4612208875604452866_n-1-360x270.jpg 360w, https:\/\/duc.zagaresgimnazija.lt\/wp-content\/uploads\/2025\/11\/332454830_461603986091255_4612208875604452866_n-1.jpg 2048w\" sizes=\"auto, (max-width: 300px) 100vw, 300px\" \/> <img loading=\"lazy\" decoding=\"async\" class=\"wp-image-1727 alignleft\" src=\"https:\/\/duc.zagaresgimnazija.lt\/wp-content\/uploads\/2025\/11\/c874761e-fef4-47ca-9267-1bfa49036a33-1-300x236.jpg\" alt=\"\" width=\"286\" height=\"225\" srcset=\"https:\/\/duc.zagaresgimnazija.lt\/wp-content\/uploads\/2025\/11\/c874761e-fef4-47ca-9267-1bfa49036a33-1-300x236.jpg 300w, https:\/\/duc.zagaresgimnazija.lt\/wp-content\/uploads\/2025\/11\/c874761e-fef4-47ca-9267-1bfa49036a33-1-1024x805.jpg 1024w, https:\/\/duc.zagaresgimnazija.lt\/wp-content\/uploads\/2025\/11\/c874761e-fef4-47ca-9267-1bfa49036a33-1-768x604.jpg 768w, https:\/\/duc.zagaresgimnazija.lt\/wp-content\/uploads\/2025\/11\/c874761e-fef4-47ca-9267-1bfa49036a33-1-1536x1208.jpg 1536w, https:\/\/duc.zagaresgimnazija.lt\/wp-content\/uploads\/2025\/11\/c874761e-fef4-47ca-9267-1bfa49036a33-1-343x270.jpg 343w, https:\/\/duc.zagaresgimnazija.lt\/wp-content\/uploads\/2025\/11\/c874761e-fef4-47ca-9267-1bfa49036a33-1.jpg 1642w\" sizes=\"auto, (max-width: 286px) 100vw, 286px\" \/><img loading=\"lazy\" decoding=\"async\" class=\" wp-image-1755 alignleft\" src=\"https:\/\/duc.zagaresgimnazija.lt\/wp-content\/uploads\/2025\/11\/339560201_182607631324932_1455175810886567887_n-1-300x225.jpg\" alt=\"\" width=\"302\" height=\"226\" srcset=\"https:\/\/duc.zagaresgimnazija.lt\/wp-content\/uploads\/2025\/11\/339560201_182607631324932_1455175810886567887_n-1-300x225.jpg 300w, https:\/\/duc.zagaresgimnazija.lt\/wp-content\/uploads\/2025\/11\/339560201_182607631324932_1455175810886567887_n-1-1024x768.jpg 1024w, https:\/\/duc.zagaresgimnazija.lt\/wp-content\/uploads\/2025\/11\/339560201_182607631324932_1455175810886567887_n-1-768x576.jpg 768w, https:\/\/duc.zagaresgimnazija.lt\/wp-content\/uploads\/2025\/11\/339560201_182607631324932_1455175810886567887_n-1-1536x1152.jpg 1536w, https:\/\/duc.zagaresgimnazija.lt\/wp-content\/uploads\/2025\/11\/339560201_182607631324932_1455175810886567887_n-1-360x270.jpg 360w, https:\/\/duc.zagaresgimnazija.lt\/wp-content\/uploads\/2025\/11\/339560201_182607631324932_1455175810886567887_n-1.jpg 2048w\" sizes=\"auto, (max-width: 302px) 100vw, 302px\" \/> <img loading=\"lazy\" decoding=\"async\" class=\"alignnone  wp-image-1723\" src=\"https:\/\/duc.zagaresgimnazija.lt\/wp-content\/uploads\/2025\/11\/481359000_656108960148811_3161181868066069723_n-1-300x225.jpg\" alt=\"\" width=\"300\" height=\"225\" srcset=\"https:\/\/duc.zagaresgimnazija.lt\/wp-content\/uploads\/2025\/11\/481359000_656108960148811_3161181868066069723_n-1-300x225.jpg 300w, https:\/\/duc.zagaresgimnazija.lt\/wp-content\/uploads\/2025\/11\/481359000_656108960148811_3161181868066069723_n-1-1024x768.jpg 1024w, https:\/\/duc.zagaresgimnazija.lt\/wp-content\/uploads\/2025\/11\/481359000_656108960148811_3161181868066069723_n-1-768x576.jpg 768w, https:\/\/duc.zagaresgimnazija.lt\/wp-content\/uploads\/2025\/11\/481359000_656108960148811_3161181868066069723_n-1-1536x1152.jpg 1536w, https:\/\/duc.zagaresgimnazija.lt\/wp-content\/uploads\/2025\/11\/481359000_656108960148811_3161181868066069723_n-1-360x270.jpg 360w, https:\/\/duc.zagaresgimnazija.lt\/wp-content\/uploads\/2025\/11\/481359000_656108960148811_3161181868066069723_n-1.jpg 2048w\" sizes=\"auto, (max-width: 300px) 100vw, 300px\" \/><img loading=\"lazy\" decoding=\"async\" class=\"alignnone size-medium wp-image-1757\" src=\"https:\/\/duc.zagaresgimnazija.lt\/wp-content\/uploads\/2025\/11\/354382053_1010152403477464_2347260414168011817_n-1-300x225.jpg\" alt=\"\" width=\"300\" height=\"225\" srcset=\"https:\/\/duc.zagaresgimnazija.lt\/wp-content\/uploads\/2025\/11\/354382053_1010152403477464_2347260414168011817_n-1-300x225.jpg 300w, https:\/\/duc.zagaresgimnazija.lt\/wp-content\/uploads\/2025\/11\/354382053_1010152403477464_2347260414168011817_n-1-1024x768.jpg 1024w, https:\/\/duc.zagaresgimnazija.lt\/wp-content\/uploads\/2025\/11\/354382053_1010152403477464_2347260414168011817_n-1-768x576.jpg 768w, https:\/\/duc.zagaresgimnazija.lt\/wp-content\/uploads\/2025\/11\/354382053_1010152403477464_2347260414168011817_n-1-1536x1152.jpg 1536w, https:\/\/duc.zagaresgimnazija.lt\/wp-content\/uploads\/2025\/11\/354382053_1010152403477464_2347260414168011817_n-1-360x270.jpg 360w, https:\/\/duc.zagaresgimnazija.lt\/wp-content\/uploads\/2025\/11\/354382053_1010152403477464_2347260414168011817_n-1.jpg 2048w\" sizes=\"auto, (max-width: 300px) 100vw, 300px\" \/>\u00a0<img loading=\"lazy\" decoding=\"async\" class=\"alignnone  wp-image-1719\" src=\"https:\/\/duc.zagaresgimnazija.lt\/wp-content\/uploads\/2025\/11\/480282053_644939861265721_3602619312243384530_n-1-300x225.jpg\" alt=\"\" width=\"345\" height=\"259\" srcset=\"https:\/\/duc.zagaresgimnazija.lt\/wp-content\/uploads\/2025\/11\/480282053_644939861265721_3602619312243384530_n-1-300x225.jpg 300w, https:\/\/duc.zagaresgimnazija.lt\/wp-content\/uploads\/2025\/11\/480282053_644939861265721_3602619312243384530_n-1-1024x768.jpg 1024w, https:\/\/duc.zagaresgimnazija.lt\/wp-content\/uploads\/2025\/11\/480282053_644939861265721_3602619312243384530_n-1-768x576.jpg 768w, https:\/\/duc.zagaresgimnazija.lt\/wp-content\/uploads\/2025\/11\/480282053_644939861265721_3602619312243384530_n-1-1536x1152.jpg 1536w, https:\/\/duc.zagaresgimnazija.lt\/wp-content\/uploads\/2025\/11\/480282053_644939861265721_3602619312243384530_n-1-360x270.jpg 360w, https:\/\/duc.zagaresgimnazija.lt\/wp-content\/uploads\/2025\/11\/480282053_644939861265721_3602619312243384530_n-1.jpg 2048w\" sizes=\"auto, (max-width: 345px) 100vw, 345px\" \/>\u00a0\u00a0<img loading=\"lazy\" decoding=\"async\" class=\"alignnone  wp-image-1725\" src=\"https:\/\/duc.zagaresgimnazija.lt\/wp-content\/uploads\/2025\/11\/ab4cd661-9338-4568-8254-0a18de459395-1-300x225.jpg\" alt=\"\" width=\"369\" height=\"277\" srcset=\"https:\/\/duc.zagaresgimnazija.lt\/wp-content\/uploads\/2025\/11\/ab4cd661-9338-4568-8254-0a18de459395-1-300x225.jpg 300w, https:\/\/duc.zagaresgimnazija.lt\/wp-content\/uploads\/2025\/11\/ab4cd661-9338-4568-8254-0a18de459395-1-1024x768.jpg 1024w, https:\/\/duc.zagaresgimnazija.lt\/wp-content\/uploads\/2025\/11\/ab4cd661-9338-4568-8254-0a18de459395-1-768x576.jpg 768w, https:\/\/duc.zagaresgimnazija.lt\/wp-content\/uploads\/2025\/11\/ab4cd661-9338-4568-8254-0a18de459395-1-1536x1152.jpg 1536w, https:\/\/duc.zagaresgimnazija.lt\/wp-content\/uploads\/2025\/11\/ab4cd661-9338-4568-8254-0a18de459395-1-360x270.jpg 360w, https:\/\/duc.zagaresgimnazija.lt\/wp-content\/uploads\/2025\/11\/ab4cd661-9338-4568-8254-0a18de459395-1.jpg 2016w\" sizes=\"auto, (max-width: 369px) 100vw, 369px\" \/><img loading=\"lazy\" decoding=\"async\" class=\"alignnone  wp-image-1721\" src=\"https:\/\/duc.zagaresgimnazija.lt\/wp-content\/uploads\/2025\/11\/480941757_660616793031361_4760592501558228851_n-1-300x225.jpg\" alt=\"\" width=\"400\" height=\"300\" srcset=\"https:\/\/duc.zagaresgimnazija.lt\/wp-content\/uploads\/2025\/11\/480941757_660616793031361_4760592501558228851_n-1-300x225.jpg 300w, https:\/\/duc.zagaresgimnazija.lt\/wp-content\/uploads\/2025\/11\/480941757_660616793031361_4760592501558228851_n-1-1024x768.jpg 1024w, https:\/\/duc.zagaresgimnazija.lt\/wp-content\/uploads\/2025\/11\/480941757_660616793031361_4760592501558228851_n-1-768x576.jpg 768w, https:\/\/duc.zagaresgimnazija.lt\/wp-content\/uploads\/2025\/11\/480941757_660616793031361_4760592501558228851_n-1-1536x1152.jpg 1536w, https:\/\/duc.zagaresgimnazija.lt\/wp-content\/uploads\/2025\/11\/480941757_660616793031361_4760592501558228851_n-1-360x270.jpg 360w, https:\/\/duc.zagaresgimnazija.lt\/wp-content\/uploads\/2025\/11\/480941757_660616793031361_4760592501558228851_n-1.jpg 2048w\" sizes=\"auto, (max-width: 400px) 100vw, 400px\" \/> <img loading=\"lazy\" decoding=\"async\" class=\"alignnone size-medium wp-image-1722\" src=\"https:\/\/duc.zagaresgimnazija.lt\/wp-content\/uploads\/2025\/11\/481256004_656109633482077_6003149527104681816_n-1-225x300.jpg\" alt=\"\" width=\"225\" height=\"300\" srcset=\"https:\/\/duc.zagaresgimnazija.lt\/wp-content\/uploads\/2025\/11\/481256004_656109633482077_6003149527104681816_n-1-225x300.jpg 225w, https:\/\/duc.zagaresgimnazija.lt\/wp-content\/uploads\/2025\/11\/481256004_656109633482077_6003149527104681816_n-1-768x1024.jpg 768w, https:\/\/duc.zagaresgimnazija.lt\/wp-content\/uploads\/2025\/11\/481256004_656109633482077_6003149527104681816_n-1-1152x1536.jpg 1152w, https:\/\/duc.zagaresgimnazija.lt\/wp-content\/uploads\/2025\/11\/481256004_656109633482077_6003149527104681816_n-1-203x270.jpg 203w, https:\/\/duc.zagaresgimnazija.lt\/wp-content\/uploads\/2025\/11\/481256004_656109633482077_6003149527104681816_n-1.jpg 1536w\" sizes=\"auto, (max-width: 225px) 100vw, 225px\" \/> \u00a0<img loading=\"lazy\" decoding=\"async\" class=\"alignnone size-medium wp-image-1718\" src=\"https:\/\/duc.zagaresgimnazija.lt\/wp-content\/uploads\/2025\/11\/480234242_643461034746937_6762278154094230882_n-1-300x225.jpg\" alt=\"\" width=\"300\" height=\"225\" srcset=\"https:\/\/duc.zagaresgimnazija.lt\/wp-content\/uploads\/2025\/11\/480234242_643461034746937_6762278154094230882_n-1-300x225.jpg 300w, https:\/\/duc.zagaresgimnazija.lt\/wp-content\/uploads\/2025\/11\/480234242_643461034746937_6762278154094230882_n-1-1024x768.jpg 1024w, https:\/\/duc.zagaresgimnazija.lt\/wp-content\/uploads\/2025\/11\/480234242_643461034746937_6762278154094230882_n-1-768x576.jpg 768w, https:\/\/duc.zagaresgimnazija.lt\/wp-content\/uploads\/2025\/11\/480234242_643461034746937_6762278154094230882_n-1-1536x1152.jpg 1536w, https:\/\/duc.zagaresgimnazija.lt\/wp-content\/uploads\/2025\/11\/480234242_643461034746937_6762278154094230882_n-1-360x270.jpg 360w, https:\/\/duc.zagaresgimnazija.lt\/wp-content\/uploads\/2025\/11\/480234242_643461034746937_6762278154094230882_n-1.jpg 2048w\" sizes=\"auto, (max-width: 300px) 100vw, 300px\" \/> <img loading=\"lazy\" decoding=\"async\" class=\"alignnone size-medium wp-image-1716\" src=\"https:\/\/duc.zagaresgimnazija.lt\/wp-content\/uploads\/2025\/11\/479669712_643461568080217_8339301088513370432_n-1-225x300.jpg\" alt=\"\" width=\"225\" height=\"300\" srcset=\"https:\/\/duc.zagaresgimnazija.lt\/wp-content\/uploads\/2025\/11\/479669712_643461568080217_8339301088513370432_n-1-225x300.jpg 225w, https:\/\/duc.zagaresgimnazija.lt\/wp-content\/uploads\/2025\/11\/479669712_643461568080217_8339301088513370432_n-1-768x1024.jpg 768w, https:\/\/duc.zagaresgimnazija.lt\/wp-content\/uploads\/2025\/11\/479669712_643461568080217_8339301088513370432_n-1-1152x1536.jpg 1152w, https:\/\/duc.zagaresgimnazija.lt\/wp-content\/uploads\/2025\/11\/479669712_643461568080217_8339301088513370432_n-1-203x270.jpg 203w, https:\/\/duc.zagaresgimnazija.lt\/wp-content\/uploads\/2025\/11\/479669712_643461568080217_8339301088513370432_n-1.jpg 1536w\" sizes=\"auto, (max-width: 225px) 100vw, 225px\" \/> <img loading=\"lazy\" decoding=\"async\" class=\"alignnone size-medium wp-image-1714\" src=\"https:\/\/duc.zagaresgimnazija.lt\/wp-content\/uploads\/2025\/11\/476380603_643461244746916_4767932239431784559_n-1-300x225.jpg\" alt=\"\" width=\"300\" height=\"225\" srcset=\"https:\/\/duc.zagaresgimnazija.lt\/wp-content\/uploads\/2025\/11\/476380603_643461244746916_4767932239431784559_n-1-300x225.jpg 300w, https:\/\/duc.zagaresgimnazija.lt\/wp-content\/uploads\/2025\/11\/476380603_643461244746916_4767932239431784559_n-1-1024x768.jpg 1024w, https:\/\/duc.zagaresgimnazija.lt\/wp-content\/uploads\/2025\/11\/476380603_643461244746916_4767932239431784559_n-1-768x576.jpg 768w, https:\/\/duc.zagaresgimnazija.lt\/wp-content\/uploads\/2025\/11\/476380603_643461244746916_4767932239431784559_n-1-1536x1152.jpg 1536w, https:\/\/duc.zagaresgimnazija.lt\/wp-content\/uploads\/2025\/11\/476380603_643461244746916_4767932239431784559_n-1-360x270.jpg 360w, https:\/\/duc.zagaresgimnazija.lt\/wp-content\/uploads\/2025\/11\/476380603_643461244746916_4767932239431784559_n-1.jpg 2048w\" sizes=\"auto, (max-width: 300px) 100vw, 300px\" \/> <img loading=\"lazy\" decoding=\"async\" class=\"alignnone size-medium wp-image-1702\" src=\"https:\/\/duc.zagaresgimnazija.lt\/wp-content\/uploads\/2025\/11\/404619093_316867757858547_9185864550917834490_n-1-225x300.jpg\" alt=\"\" width=\"225\" height=\"300\" srcset=\"https:\/\/duc.zagaresgimnazija.lt\/wp-content\/uploads\/2025\/11\/404619093_316867757858547_9185864550917834490_n-1-225x300.jpg 225w, https:\/\/duc.zagaresgimnazija.lt\/wp-content\/uploads\/2025\/11\/404619093_316867757858547_9185864550917834490_n-1-768x1024.jpg 768w, https:\/\/duc.zagaresgimnazija.lt\/wp-content\/uploads\/2025\/11\/404619093_316867757858547_9185864550917834490_n-1-1152x1536.jpg 1152w, https:\/\/duc.zagaresgimnazija.lt\/wp-content\/uploads\/2025\/11\/404619093_316867757858547_9185864550917834490_n-1-203x270.jpg 203w, https:\/\/duc.zagaresgimnazija.lt\/wp-content\/uploads\/2025\/11\/404619093_316867757858547_9185864550917834490_n-1.jpg 1500w\" sizes=\"auto, (max-width: 225px) 100vw, 225px\" \/> <img loading=\"lazy\" decoding=\"async\" class=\"alignnone size-medium wp-image-1691\" src=\"https:\/\/duc.zagaresgimnazija.lt\/wp-content\/uploads\/2025\/11\/375009090_2197622587110549_8053088731473164311_n-300x225.jpg\" alt=\"\" width=\"300\" height=\"225\" srcset=\"https:\/\/duc.zagaresgimnazija.lt\/wp-content\/uploads\/2025\/11\/375009090_2197622587110549_8053088731473164311_n-300x225.jpg 300w, https:\/\/duc.zagaresgimnazija.lt\/wp-content\/uploads\/2025\/11\/375009090_2197622587110549_8053088731473164311_n-1024x768.jpg 1024w, https:\/\/duc.zagaresgimnazija.lt\/wp-content\/uploads\/2025\/11\/375009090_2197622587110549_8053088731473164311_n-768x576.jpg 768w, https:\/\/duc.zagaresgimnazija.lt\/wp-content\/uploads\/2025\/11\/375009090_2197622587110549_8053088731473164311_n-1536x1152.jpg 1536w, https:\/\/duc.zagaresgimnazija.lt\/wp-content\/uploads\/2025\/11\/375009090_2197622587110549_8053088731473164311_n-360x270.jpg 360w, https:\/\/duc.zagaresgimnazija.lt\/wp-content\/uploads\/2025\/11\/375009090_2197622587110549_8053088731473164311_n.jpg 2016w\" sizes=\"auto, (max-width: 300px) 100vw, 300px\" \/><img loading=\"lazy\" decoding=\"async\" class=\"alignnone size-medium wp-image-1700\" src=\"https:\/\/duc.zagaresgimnazija.lt\/wp-content\/uploads\/2025\/11\/403406434_671153485154916_4253511240183974254_n-1-300x225.jpg\" alt=\"\" width=\"300\" height=\"225\" srcset=\"https:\/\/duc.zagaresgimnazija.lt\/wp-content\/uploads\/2025\/11\/403406434_671153485154916_4253511240183974254_n-1-300x225.jpg 300w, https:\/\/duc.zagaresgimnazija.lt\/wp-content\/uploads\/2025\/11\/403406434_671153485154916_4253511240183974254_n-1-1024x768.jpg 1024w, https:\/\/duc.zagaresgimnazija.lt\/wp-content\/uploads\/2025\/11\/403406434_671153485154916_4253511240183974254_n-1-768x576.jpg 768w, https:\/\/duc.zagaresgimnazija.lt\/wp-content\/uploads\/2025\/11\/403406434_671153485154916_4253511240183974254_n-1-1536x1152.jpg 1536w, https:\/\/duc.zagaresgimnazija.lt\/wp-content\/uploads\/2025\/11\/403406434_671153485154916_4253511240183974254_n-1-360x270.jpg 360w, https:\/\/duc.zagaresgimnazija.lt\/wp-content\/uploads\/2025\/11\/403406434_671153485154916_4253511240183974254_n-1.jpg 2000w\" sizes=\"auto, (max-width: 300px) 100vw, 300px\" \/> <img loading=\"lazy\" decoding=\"async\" class=\"alignnone size-medium wp-image-1678\" src=\"https:\/\/duc.zagaresgimnazija.lt\/wp-content\/uploads\/2025\/11\/353022725_577291771265813_6724673304219791293_n-225x300.jpg\" alt=\"\" width=\"225\" height=\"300\" srcset=\"https:\/\/duc.zagaresgimnazija.lt\/wp-content\/uploads\/2025\/11\/353022725_577291771265813_6724673304219791293_n-225x300.jpg 225w, https:\/\/duc.zagaresgimnazija.lt\/wp-content\/uploads\/2025\/11\/353022725_577291771265813_6724673304219791293_n-768x1024.jpg 768w, https:\/\/duc.zagaresgimnazija.lt\/wp-content\/uploads\/2025\/11\/353022725_577291771265813_6724673304219791293_n-1152x1536.jpg 1152w, https:\/\/duc.zagaresgimnazija.lt\/wp-content\/uploads\/2025\/11\/353022725_577291771265813_6724673304219791293_n-203x270.jpg 203w, https:\/\/duc.zagaresgimnazija.lt\/wp-content\/uploads\/2025\/11\/353022725_577291771265813_6724673304219791293_n.jpg 1536w\" sizes=\"auto, (max-width: 225px) 100vw, 225px\" \/> <img loading=\"lazy\" decoding=\"async\" class=\"alignnone size-medium wp-image-1651\" src=\"https:\/\/duc.zagaresgimnazija.lt\/wp-content\/uploads\/2025\/11\/ab46324f-b6bd-43cd-80f4-706bfaf232e0-300x225.jpg\" alt=\"\" width=\"300\" height=\"225\" srcset=\"https:\/\/duc.zagaresgimnazija.lt\/wp-content\/uploads\/2025\/11\/ab46324f-b6bd-43cd-80f4-706bfaf232e0-300x225.jpg 300w, https:\/\/duc.zagaresgimnazija.lt\/wp-content\/uploads\/2025\/11\/ab46324f-b6bd-43cd-80f4-706bfaf232e0-1024x768.jpg 1024w, https:\/\/duc.zagaresgimnazija.lt\/wp-content\/uploads\/2025\/11\/ab46324f-b6bd-43cd-80f4-706bfaf232e0-768x576.jpg 768w, https:\/\/duc.zagaresgimnazija.lt\/wp-content\/uploads\/2025\/11\/ab46324f-b6bd-43cd-80f4-706bfaf232e0-1536x1152.jpg 1536w, https:\/\/duc.zagaresgimnazija.lt\/wp-content\/uploads\/2025\/11\/ab46324f-b6bd-43cd-80f4-706bfaf232e0-360x270.jpg 360w, https:\/\/duc.zagaresgimnazija.lt\/wp-content\/uploads\/2025\/11\/ab46324f-b6bd-43cd-80f4-706bfaf232e0.jpg 2048w\" sizes=\"auto, (max-width: 300px) 100vw, 300px\" \/><img loading=\"lazy\" decoding=\"async\" class=\"wp-image-1540 alignnone\" src=\"https:\/\/duc.zagaresgimnazija.lt\/wp-content\/uploads\/2025\/11\/469878410_600431832383191_6612718116853053198_n-1-2-300x225.jpg\" alt=\"\" width=\"357\" height=\"268\" srcset=\"https:\/\/duc.zagaresgimnazija.lt\/wp-content\/uploads\/2025\/11\/469878410_600431832383191_6612718116853053198_n-1-2-300x225.jpg 300w, https:\/\/duc.zagaresgimnazija.lt\/wp-content\/uploads\/2025\/11\/469878410_600431832383191_6612718116853053198_n-1-2-1024x768.jpg 1024w, https:\/\/duc.zagaresgimnazija.lt\/wp-content\/uploads\/2025\/11\/469878410_600431832383191_6612718116853053198_n-1-2-768x576.jpg 768w, https:\/\/duc.zagaresgimnazija.lt\/wp-content\/uploads\/2025\/11\/469878410_600431832383191_6612718116853053198_n-1-2-1536x1152.jpg 1536w, https:\/\/duc.zagaresgimnazija.lt\/wp-content\/uploads\/2025\/11\/469878410_600431832383191_6612718116853053198_n-1-2-360x270.jpg 360w, https:\/\/duc.zagaresgimnazija.lt\/wp-content\/uploads\/2025\/11\/469878410_600431832383191_6612718116853053198_n-1-2.jpg 2048w\" sizes=\"auto, (max-width: 357px) 100vw, 357px\" \/><\/p>\n","protected":false},"excerpt":{"rendered":"<p>1. Kompiuterinis ra\u0161tingumas 2. Bendravimas ir bendradarbiavimas 3. T\u0119stinis skaitymas, ra\u0161ymas, perra\u0161ymas \u00a0\u00a0\u00a0 \u00a0<\/p>\n","protected":false},"author":1,"featured_media":0,"parent":0,"menu_order":0,"comment_status":"closed","ping_status":"closed","template":"","meta":{"footnotes":""},"class_list":["post-1310","page","type-page","status-publish","hentry"],"_links":{"self":[{"href":"https:\/\/duc.zagaresgimnazija.lt\/index.php?rest_route=\/wp\/v2\/pages\/1310","targetHints":{"allow":["GET"]}}],"collection":[{"href":"https:\/\/duc.zagaresgimnazija.lt\/index.php?rest_route=\/wp\/v2\/pages"}],"about":[{"href":"https:\/\/duc.zagaresgimnazija.lt\/index.php?rest_route=\/wp\/v2\/types\/page"}],"author":[{"embeddable":true,"href":"https:\/\/duc.zagaresgimnazija.lt\/index.php?rest_route=\/wp\/v2\/users\/1"}],"replies":[{"embeddable":true,"href":"https:\/\/duc.zagaresgimnazija.lt\/index.php?rest_route=%2Fwp%2Fv2%2Fcomments&post=1310"}],"version-history":[{"count":5,"href":"https:\/\/duc.zagaresgimnazija.lt\/index.php?rest_route=\/wp\/v2\/pages\/1310\/revisions"}],"predecessor-version":[{"id":1791,"href":"https:\/\/duc.zagaresgimnazija.lt\/index.php?rest_route=\/wp\/v2\/pages\/1310\/revisions\/1791"}],"wp:attachment":[{"href":"https:\/\/duc.zagaresgimnazija.lt\/index.php?rest_route=%2Fwp%2Fv2%2Fmedia&parent=1310"}],"curies":[{"name":"wp","href":"https:\/\/api.w.org\/{rel}","templated":true}]}}