{"id":26,"date":"2024-09-15T17:59:03","date_gmt":"2024-09-15T17:59:03","guid":{"rendered":"https:\/\/duc.zagaresgimnazija.lt\/?page_id=26"},"modified":"2025-12-10T12:00:34","modified_gmt":"2025-12-10T12:00:34","slug":"kontaktai","status":"publish","type":"page","link":"https:\/\/duc.zagaresgimnazija.lt\/?page_id=26","title":{"rendered":"Kontaktai"},"content":{"rendered":"<p style=\"text-align: left;\"><span style=\"color: #000000; font-family: arial, helvetica, sans-serif; font-size: 12pt;\"><strong>Direktorius<\/strong>\u00a0Edita Aukselien\u0117<\/span><\/p>\n<p style=\"text-align: left;\"><span style=\"color: #000000; font-family: arial, helvetica, sans-serif; font-size: 12pt;\">Tel. +370 426 60 872,<\/span><\/p>\n<p style=\"text-align: left;\"><span style=\"color: #000000; font-family: arial, helvetica, sans-serif; font-size: 12pt;\">mob. +370 610 07 011<\/span><\/p>\n<p style=\"text-align: left;\"><span style=\"color: #000000; font-family: arial, helvetica, sans-serif; font-size: 12pt;\">El. p.\u00a0<span style=\"color: #0000ff;\"><u><a style=\"color: #0000ff;\" href=\"mailto:zagaresgimnazija@gmail.com\">zagaresgimnazija@gmail.com<\/a><\/u><\/span><\/span><\/p>\n<p>&nbsp;<\/p>\n<p style=\"text-align: left;\"><span style=\"color: #000000; font-family: arial, helvetica, sans-serif; font-size: 12pt;\"><strong>Veiklos koordinator\u0117<\/strong> Sniegut\u0117 Kukanauskien\u0117<\/span><\/p>\n<p style=\"text-align: left;\"><span style=\"color: #000000; font-family: arial, helvetica, sans-serif; font-size: 12pt;\">Mob. +370 686 46 424<\/span><\/p>\n<p style=\"text-align: left;\"><span style=\"color: #000000; font-family: arial, helvetica, sans-serif; font-size: 12pt;\">El. p\u00a0<span style=\"color: #0000ff;\"><u><a style=\"color: #0000ff;\" href=\"mailto:direktorius@saule.joniskis.lm.lt\">direktorius.zsm<\/a>@gmail.com<\/u><\/span><\/span><\/p>\n<p style=\"text-align: left;\"><span style=\"color: #000000; font-family: arial, helvetica, sans-serif; font-size: 12pt;\"><strong>\u00a0<\/strong><\/span><\/p>\n<p style=\"text-align: left;\"><span style=\"color: #000000; font-family: arial, helvetica, sans-serif; font-size: 12pt;\"><strong>Socialin\u0117 darbuotoja <\/strong>Renata Macien\u0117<\/span><\/p>\n<p style=\"text-align: left;\"><span style=\"color: #000000; font-family: arial, helvetica, sans-serif; font-size: 12pt;\">Tel. +370\u00a0674 77\u00a0560<\/span><\/p>\n<p style=\"text-align: left;\"><span style=\"color: #000000; font-family: arial, helvetica, sans-serif; font-size: 12pt;\">El. p.<span style=\"color: #0000ff;\"> <a style=\"color: #0000ff;\" href=\"mailto:maciene.renata@gmail.com\">maciene.renata@gmail.com<\/a><\/span><\/span><\/p>\n<p>&nbsp;<\/p>\n<p style=\"text-align: left;\"><span style=\"color: #000000; font-family: arial, helvetica, sans-serif; font-size: 12pt;\"><strong>Socialin\u0117 darbuotoja <\/strong>Berta Galkauskien\u0117<\/span><\/p>\n<p style=\"text-align: left;\"><span style=\"color: #000000; font-family: arial, helvetica, sans-serif; font-size: 12pt;\">Tel. +370\u00a0625 61 637<\/span><\/p>\n<p style=\"text-align: left;\"><span style=\"color: #000000; font-family: arial, helvetica, sans-serif; font-size: 12pt;\">El. p.\u00a0<span style=\"color: #0000ff;\"><u>bertamituzaite@gmail.com<\/u><\/span><\/span><\/p>\n<p>&nbsp;<\/p>\n<p style=\"text-align: left;\"><span style=\"color: #000000; font-family: arial, helvetica, sans-serif; font-size: 12pt;\"><strong>Socialin\u0117 darbuotoja<\/strong>\u00a0Marin\u0117 Vaitek\u016bnien\u0117<\/span><\/p>\n<p style=\"text-align: left;\"><span style=\"color: #000000; font-family: arial, helvetica, sans-serif; font-size: 12pt;\">Tel. +370\u00a0618 06 808<\/span><\/p>\n<p style=\"text-align: left;\"><span style=\"color: #000000; font-family: arial, helvetica, sans-serif; font-size: 12pt;\">El. p.\u00a0\u00a0<span style=\"color: #0000ff;\"><u>marine.vaitekuniene@gmail.com\u00a0<\/u><\/span><\/span><\/p>\n<hr \/>\n<p><span style=\"color: #000000; font-family: arial, helvetica, sans-serif; font-size: 12pt;\"><strong><em><a href=\"https:\/\/www.facebook.com\/profile.php?id=100072491375715&amp;sk=about\">DUC facebook paskyra<\/a><\/em><\/strong>\u00a0<\/span><\/p>\n","protected":false},"excerpt":{"rendered":"<p>Direktorius\u00a0Edita Aukselien\u0117 Tel. +370 426 60 872, mob. +370 610 07 011 El. p.\u00a0zagaresgimnazija@gmail.com &nbsp; Veiklos koordinator\u0117 Sniegut\u0117 Kukanauskien\u0117 Mob. +370 686 46 424 El. p\u00a0direktorius.zsm@gmail.com \u00a0 Socialin\u0117 darbuotoja Renata Macien\u0117 Tel. +370\u00a0674 77\u00a0560 El. p. maciene.renata@gmail.com &nbsp; Socialin\u0117 darbuotoja <a href=\"https:\/\/duc.zagaresgimnazija.lt\/?page_id=26\" class=\"read-more\">I\u0161samiau &#8230;<\/a><\/p>\n","protected":false},"author":1,"featured_media":0,"parent":0,"menu_order":0,"comment_status":"closed","ping_status":"closed","template":"","meta":{"footnotes":""},"class_list":["post-26","page","type-page","status-publish","hentry"],"_links":{"self":[{"href":"https:\/\/duc.zagaresgimnazija.lt\/index.php?rest_route=\/wp\/v2\/pages\/26","targetHints":{"allow":["GET"]}}],"collection":[{"href":"https:\/\/duc.zagaresgimnazija.lt\/index.php?rest_route=\/wp\/v2\/pages"}],"about":[{"href":"https:\/\/duc.zagaresgimnazija.lt\/index.php?rest_route=\/wp\/v2\/types\/page"}],"author":[{"embeddable":true,"href":"https:\/\/duc.zagaresgimnazija.lt\/index.php?rest_route=\/wp\/v2\/users\/1"}],"replies":[{"embeddable":true,"href":"https:\/\/duc.zagaresgimnazija.lt\/index.php?rest_route=%2Fwp%2Fv2%2Fcomments&post=26"}],"version-history":[{"count":16,"href":"https:\/\/duc.zagaresgimnazija.lt\/index.php?rest_route=\/wp\/v2\/pages\/26\/revisions"}],"predecessor-version":[{"id":2155,"href":"https:\/\/duc.zagaresgimnazija.lt\/index.php?rest_route=\/wp\/v2\/pages\/26\/revisions\/2155"}],"wp:attachment":[{"href":"https:\/\/duc.zagaresgimnazija.lt\/index.php?rest_route=%2Fwp%2Fv2%2Fmedia&parent=26"}],"curies":[{"name":"wp","href":"https:\/\/api.w.org\/{rel}","templated":true}]}}